{"id":78753,"date":"2025-10-10T10:01:58","date_gmt":"2025-10-10T08:01:58","guid":{"rendered":"https:\/\/www.italtel.com\/product-lifecycle\/"},"modified":"2026-03-13T11:36:39","modified_gmt":"2026-03-13T09:36:39","slug":"produktlebenszyklus","status":"publish","type":"page","link":"https:\/\/www.italtel.com\/de\/produktlebenszyklus\/","title":{"rendered":"Produktlebenszyklus"},"content":{"rendered":"\n\n\t<section class=\"section herosection no_padding_section\" id=\"section_1110522391\">\n\t\t<div class=\"section-bg fill\" >\n\t\t\t\t\t\t\t\t\t\n\t\t\t\n\n\t\t<\/div>\n\n\t\t\n\n\t\t<div class=\"section-content relative\">\n\t\t\t\n\n<div class=\"row\"  id=\"row-1027445865\">\n\n\n\t<div id=\"col-1868273357\" class=\"col small-12 large-12\"  >\n\t\t\t\t<div class=\"col-inner\"  >\n\t\t\t\n\t\t\t\n\n\n  <div class=\"banner has-hover borderradius_10\" id=\"banner-1036355486\">\n          <div class=\"banner-inner fill\">\n        <div class=\"banner-bg fill\" >\n            <img loading=\"lazy\" decoding=\"async\" width=\"2000\" height=\"944\" src=\"https:\/\/www.italtel.com\/wp-content\/uploads\/2024\/09\/ITALTEL_NETWORKS-AND-5G_BIG-MIDDLE-IMAGE.webp\" class=\"bg attachment-original size-original\" alt=\"\" \/>                                    \n                    <\/div>\n\t\t\n        <div class=\"banner-layers container\">\n            <div class=\"fill banner-link\"><\/div>            \n\n   <div id=\"text-box-1691501877\" class=\"text-box banner-layer x5 md-x5 lg-x5 y50 md-y50 lg-y50 res-text\">\n                     <div data-animate=\"none\">           <div class=\"text-box-content text dark\">\n              \n              <div class=\"text-inner text-left\">\n                  \n\n<div class=\"row\"  id=\"row-1363328849\">\n\n\n\t<div id=\"col-172301405\" class=\"col marginbottom_0 paddingbottom_0 small-12 large-12\"  >\n\t\t\t\t<div class=\"col-inner\"  >\n\t\t\t\n\t\t\t\n\n\t<div id=\"text-353202943\" class=\"text fontweight_500 fontsize_70\">\n\t\t\n\n<h1>Produktlebenszyklus<\/h1>\n\t\t\n<style>\n#text-353202943 {\n  text-align: left;\n}\n<\/style>\n\t<\/div>\n\t\n\n\t\t<\/div>\n\t\t\t\t\t<\/div>\n\n\t\n\n<\/div>\n\n              <\/div>\n           <\/div>\n       <\/div>                     \n<style>\n#text-box-1691501877 {\n  width: 60%;\n}\n#text-box-1691501877 .text-box-content {\n  font-size: 100%;\n}\n<\/style>\n    <\/div>\n \n\n        <\/div>\n      <\/div>\n\n            \n<style>\n#banner-1036355486 {\n  padding-top: 40rem;\n}\n<\/style>\n  <\/div>\n\n\n\n\t\t<\/div>\n\t\t\t\t\t<\/div>\n\n\t\n\n<\/div>\n\t<div id=\"gap-1617313641\" class=\"gap-element clearfix\" style=\"display:block; height:auto;\">\n\t\t\n<style>\n#gap-1617313641 {\n  padding-top: 0rem;\n}\n@media (min-width:550px) {\n  #gap-1617313641 {\n    padding-top: 6rem;\n  }\n}\n<\/style>\n\t<\/div>\n\t\n\n<div class=\"row\"  id=\"row-1876034099\">\n\n\n\t<div id=\"col-1959258084\" class=\"col small-12 large-12\"  >\n\t\t\t\t<div class=\"col-inner\"  >\n\t\t\t\n\t\t\t\n\n\n\t\t<div class=\"tabbed-content policy_tab_cont\">\n\t\t\t\n\t\t\t<ul class=\"nav nav-simple nav-vertical nav-normal nav-size-normal nav-left\" role=\"tablist\"><li id=\"tab-eol-policy\" class=\"tab active has-icon\" role=\"presentation\"><a href=\"#tab_eol-policy\" role=\"tab\" aria-selected=\"true\" aria-controls=\"tab_eol-policy\"><span>EoL Policy<\/span><\/a><\/li>\n<li id=\"tab-i-mcs\" class=\"tab has-icon\" role=\"presentation\"><a href=\"#tab_i-mcs\" tabindex=\"-1\" role=\"tab\" aria-selected=\"false\" aria-controls=\"tab_i-mcs\"><span>i-MCS<\/span><\/a><\/li>\n<li id=\"tab-i-nem\" class=\"tab has-icon\" role=\"presentation\"><a href=\"#tab_i-nem\" tabindex=\"-1\" role=\"tab\" aria-selected=\"false\" aria-controls=\"tab_i-nem\"><span>i-NEM<\/span><\/a><\/li>\n<li id=\"tab-i-rps\" class=\"tab has-icon\" role=\"presentation\"><a href=\"#tab_i-rps\" tabindex=\"-1\" role=\"tab\" aria-selected=\"false\" aria-controls=\"tab_i-rps\"><span>i-RPS<\/span><\/a><\/li>\n<li id=\"tab-i-tds\" class=\"tab has-icon\" role=\"presentation\"><a href=\"#tab_i-tds\" tabindex=\"-1\" role=\"tab\" aria-selected=\"false\" aria-controls=\"tab_i-tds\"><span>i-TDS<\/span><\/a><\/li>\n<li id=\"tab-netmatch\" class=\"tab has-icon\" role=\"presentation\"><a href=\"#tab_netmatch\" tabindex=\"-1\" role=\"tab\" aria-selected=\"false\" aria-controls=\"tab_netmatch\"><span>NetMatch<\/span><\/a><\/li>\n<li id=\"tab-i-pharos\" class=\"tab has-icon\" role=\"presentation\"><a href=\"#tab_i-pharos\" tabindex=\"-1\" role=\"tab\" aria-selected=\"false\" aria-controls=\"tab_i-pharos\"><span>i-Pharos<\/span><\/a><\/li>\n<li id=\"tab-embrace\" class=\"tab has-icon\" role=\"presentation\"><a href=\"#tab_embrace\" tabindex=\"-1\" role=\"tab\" aria-selected=\"false\" aria-controls=\"tab_embrace\"><span>Embrace<\/span><\/a><\/li><\/ul><div class=\"tab-panels\"><div id=\"tab_eol-policy\" class=\"panel active entry-content\" role=\"tabpanel\" aria-labelledby=\"tab-eol-policy\">\n\n<p data-start=\"146\" data-end=\"614\"><strong data-start=\"146\" data-end=\"221\">Italtel begleitet seine Kunden w\u00e4hrend des gesamten Produktlebenszyklus<\/strong> und reagiert zeitnah auf die Anforderungen des Marktes in Bezug auf technologische Innovationen.<br data-start=\"318\" data-end=\"321\" \/>Auf diesem Weg steht Italtel seinen Kunden zur Seite und unterst\u00fctzt sie dabei, die beste L\u00f6sung zur Optimierung ihres Netzwerks zu w\u00e4hlen.<br data-start=\"460\" data-end=\"463\" \/>Eine bedeutende Phase des Produktlebenszyklus ist dabei die letzte Phase.<br data-start=\"536\" data-end=\"539\" \/>Aus diesem Grund hat Italtel eine <strong data-start=\"573\" data-end=\"603\">Product End-of-Life Policy<\/strong> definiert.<\/p>\n<p data-start=\"616\" data-end=\"700\">Diese Richtlinie enth\u00e4lt eine <strong data-start=\"646\" data-end=\"672\">End-of-Life-Mitteilung<\/strong> mit den folgenden Terminen:<\/p>\n<p data-start=\"702\" data-end=\"946\"><strong data-start=\"702\" data-end=\"717\">End of Sale<\/strong><\/p>\n<p data-start=\"702\" data-end=\"946\">Nach diesem Datum ist das betroffene Produkt nicht mehr erh\u00e4ltlich. Dies ist auch das letzte Datum, an dem das Produkt bestellt werden kann.<br data-start=\"860\" data-end=\"863\" \/>Das End-of-Sale-Datum liegt <strong data-start=\"891\" data-end=\"903\">6 Monate<\/strong> nach dem Datum der End-of-Life-Mitteilung.<\/p>\n<p data-start=\"948\" data-end=\"1302\"><strong data-start=\"948\" data-end=\"972\">End of Support (EOS)<\/strong><\/p>\n<p data-start=\"948\" data-end=\"1302\">Nach diesem Datum stehen keine Support-Dienstleistungen mehr f\u00fcr das betroffene Produkt zur Verf\u00fcgung.<br data-start=\"1077\" data-end=\"1080\" \/>Das End-of-Support-Datum liegt <strong data-start=\"1111\" data-end=\"1124\">18 Monate<\/strong> nach dem End-of-Sale-Datum.<br data-start=\"1152\" data-end=\"1155\" \/>Nach Ablauf des Support-Zeitraums gilt das Produkt als veraltet.<br data-start=\"1219\" data-end=\"1222\" \/>Diese Zeitr\u00e4ume k\u00f6nnen aufgrund technologischer Einschr\u00e4nkungen verk\u00fcrzt werden.<\/p>\n\t<div id=\"gap-517356885\" class=\"gap-element clearfix\" style=\"display:block; height:auto;\">\n\t\t\n<style>\n#gap-517356885 {\n  padding-top: 4rem;\n}\n<\/style>\n\t<\/div>\n\t\n\n<a href=\"https:\/\/www.italtel.com\/wp-content\/uploads\/2024\/08\/Italtel_EoL-Policy_20201026.pdf\" target=\"_blank\" class=\"button primary company_button fontsize_18 fontweight_500\" rel=\"noopener\" style=\"border-radius:99px;\">\n\t\t<span>DIE EOL-RICHTLINIE HERUNTERLADEN<\/span>\n\t<\/a>\n\n\n\n<\/div>\n<div id=\"tab_i-mcs\" class=\"panel entry-content\" role=\"tabpanel\" aria-labelledby=\"tab-i-mcs\">\n\n<h2>i-MCS<\/h2>\n<p><strong>Announcement 2025<\/strong><\/p>\n<p><a href=\"https:\/\/www.italtel.com\/wp-content\/uploads\/2025\/04\/ProductEOLnotice001-2025_i-MCS-NFV_SW-20250414.pdf\" target=\"_blank\" rel=\"noopener\">\u2b73 i-MCS-NFV 10.x.y, 11.x.y, 12.x.y, 13.x.y, 14.x.y,<\/a><\/p>\n<p><strong>Announcement 2024<\/strong><\/p>\n<p><a href=\"https:\/\/www.italtel.com\/wp-content\/uploads\/2024\/12\/ProductEOLnotice001-2024_i-MCS-NP_SW-20241218.pdf\" target=\"_blank\" rel=\"noopener\">\u2b73 i-MCS-NP 3.x, 4x, 5x, 6x,7x, 8x, 9x,10x,11x <\/a><\/p>\n\n<\/div>\n<div id=\"tab_i-nem\" class=\"panel entry-content\" role=\"tabpanel\" aria-labelledby=\"tab-i-nem\">\n\n<h2>i-NEM<\/h2>\n<p><strong>Announcement 2025<\/strong><\/p>\n<p><a href=\"https:\/\/www.italtel.com\/wp-content\/uploads\/2025\/11\/ProductEOLnotice001-2025_i-NEM_SW-20250526-errata-corrige-20251103.pdf\" target=\"_blank\" rel=\"noopener\">\u2b73 i-NEM up to 12x, 13x<\/a><\/p>\n<p><strong>Announcement 2023<\/strong><\/p>\n<p><a href=\"https:\/\/www.italtel.com\/wp-content\/uploads\/2024\/09\/ProductEOLnotice001-2023_i-NEM_SW-20230621.pdf\" target=\"_blank\" rel=\"noopener\">\u2b73 i-NEM Main view, FM GUI, Red Hat 5c, Oracle 10x<\/a><\/p>\n\n<\/div>\n<div id=\"tab_i-rps\" class=\"panel entry-content\" role=\"tabpanel\" aria-labelledby=\"tab-i-rps\">\n\n<h2>i-RPS<\/h2>\n<p><strong>Announcement 2023<\/strong><\/p>\n<p><a href=\"https:\/\/www.italtel.com\/wp-content\/uploads\/2024\/09\/ProductEOLnotice001-2023_i-RPS-20230901.pdf\" target=\"_blank\" rel=\"noopener\">\u2b73 i-RPS only virtualized version up to Release 11.xi-RPS<\/a><\/p>\n<div class=\"x_elementToProof\" data-ogsc=\"rgb(0, 0, 0)\">\u00a0<\/div>\n\n<\/div>\n<div id=\"tab_i-tds\" class=\"panel entry-content\" role=\"tabpanel\" aria-labelledby=\"tab-i-tds\">\n\n<h2>i-TDS<\/h2>\n<div class=\"x_elementToProof\" data-ogsc=\"rgb(0, 0, 0)\">\n<p><strong>Announcements 2025<\/strong><\/p>\n<p><a href=\"https:\/\/www.italtel.com\/wp-content\/uploads\/2024\/12\/ProductEOLnotice001-2024_i-TDS_SW-20241218.pdf\" target=\"_blank\" rel=\"noopener\">\u2b73 i-TDS 4.x,5.x,6.x,7.x, 8.x,9.x,10.x,11.x,12.x<\/a><\/p>\n<p><strong>Announcements 2022<\/strong><\/p>\n<p><a href=\"https:\/\/www.italtel.com\/wp-content\/uploads\/2024\/09\/ProductEOLnotice001-2022_iTDS-S_SW-20220731.pdf\" target=\"_blank\" rel=\"noopener\">\u2b73 i-TDS 4.1<\/a><\/p>\n<\/div>\n\n<\/div>\n<div id=\"tab_netmatch\" class=\"panel entry-content\" role=\"tabpanel\" aria-labelledby=\"tab-netmatch\">\n\n<h2>NetMatch<\/h2>\n<p><strong>Announcement 2026<\/strong><\/p>\n<p><a href=\"https:\/\/www.italtel.com\/wp-content\/uploads\/2026\/03\/ProductEOLnotice001-2026_NetMatch-S_SW-Rel-5.9-1.pdf\" target=\"_blank\" rel=\"noopener\">\u2b73 NetMatch-S CI 5.9<\/a><\/p>\n<p><strong>Announcement 2024<\/strong><\/p>\n<p><a href=\"https:\/\/www.italtel.com\/wp-content\/uploads\/2024\/08\/ProductEOLnotice001-2024_NetMatch-S_SW-20240122.pdf\" target=\"_blank\" rel=\"noopener\">\u2b73 NetMatch-S CI 5.7<\/a><\/p>\n<p><a href=\"https:\/\/www.italtel.com\/wp-content\/uploads\/2024\/08\/ProductEOLnotice002-2024_NetMatch-S_SW-20240723.pdf\" target=\"_blank\" rel=\"noopener\">\u2b73 NetMatch-S CI 5.8<\/a><\/p>\n<p><strong>Announcement 2023<\/strong><\/p>\n<p><a href=\"https:\/\/www.italtel.com\/wp-content\/uploads\/2024\/09\/ProductEOLnotice004-2023_NetMatch-S_SW-20231124-1-1.pdf\" target=\"_blank\" rel=\"noopener\">\u2b73 NetMatch\u2013S CI 5.6<\/a><\/p>\n<p><a href=\"https:\/\/www.italtel.com\/wp-content\/uploads\/2024\/09\/ProductEOLnotice003-2023_NetMatch-S_SW-20230704.pdf\" target=\"_blank\" rel=\"noopener\">\u2b73 NetMatch\u2013S CI 5.5<\/a><\/p>\n<p><a href=\"https:\/\/www.italtel.com\/wp-content\/uploads\/2024\/09\/ProductEOLnotice001-2023_NetMatch_M.pdf\" target=\"_blank\" rel=\"noopener\">\u2b73 NetMatch\u2013M2 (all releases)<\/a><\/p>\n<p><strong>Announcements 2022<\/strong><\/p>\n<p><a href=\"https:\/\/www.italtel.com\/wp-content\/uploads\/2024\/09\/ProductEOLnotice001-2022_NetMatch-S_SW-20220601.pdf\" target=\"_blank\" rel=\"noopener\">\u2b73 NetMatch-S LE 2.8.x and 2.9.x<\/a><\/p>\n<p><strong>Announcements 2021<\/strong><\/p>\n<p><a href=\"https:\/\/www.italtel.com\/wp-content\/uploads\/2024\/09\/ProductEOLnotice001-2021_NetMatch-S_SW-20210429-1.pdf\" target=\"_blank\" rel=\"noopener\">\u2b73 NetMatch-S LE 2.7.x<\/a><\/p>\n<p><strong>Announcements 2020<\/strong><\/p>\n<p><a href=\"https:\/\/www.italtel.com\/wp-content\/uploads\/2024\/09\/ProductEOLnotice001-2020_NetMatch-S_SW-20200527.pdf\" target=\"_blank\" rel=\"noopener\">\u2b73 NetMatch\u2013S LE 2.6.x<\/a><\/p>\n\n<\/div>\n<div id=\"tab_i-pharos\" class=\"panel entry-content\" role=\"tabpanel\" aria-labelledby=\"tab-i-pharos\">\n\n<h2>i-Pharos<\/h2>\n<p><strong>Announcement 2026<\/strong><\/p>\n<p>\u2b73 No announcements<\/p>\n\n<\/div>\n<div id=\"tab_embrace\" class=\"panel entry-content\" role=\"tabpanel\" aria-labelledby=\"tab-embrace\">\n\n<h2>Embrace<\/h2>\n<p><strong>Announcement 2026<\/strong><\/p>\n<p>\u2b73 No announcements<\/p>\n\n<\/div><\/div><\/div>\n\n\t\t<\/div>\n\t\t\t\t\t<\/div>\n\n\t\n\n<\/div>\n\n\t\t<\/div>\n\n\t\t\n<style>\n#section_1110522391 {\n  padding-top: 0px;\n  padding-bottom: 0px;\n}\n<\/style>\n\t<\/section>\n\t\n\n","protected":false},"excerpt":{"rendered":"","protected":false},"author":6,"featured_media":0,"parent":0,"menu_order":0,"comment_status":"closed","ping_status":"closed","template":"page-blank.php","meta":{"footnotes":""},"class_list":["post-78753","page","type-page","status-publish","hentry"],"yoast_head":"<!-- This site is optimized with the Yoast SEO plugin v27.4 - https:\/\/yoast.com\/product\/yoast-seo-wordpress\/ -->\n<title>Produktlebenszyklus - Italtel<\/title>\n<meta name=\"robots\" content=\"index, follow, max-snippet:-1, max-image-preview:large, max-video-preview:-1\" \/>\n<link rel=\"canonical\" href=\"https:\/\/www.italtel.com\/product-lifecycle\/\" \/>\n<meta property=\"og:locale\" content=\"de_DE\" \/>\n<meta property=\"og:type\" content=\"article\" \/>\n<meta property=\"og:title\" content=\"Produktlebenszyklus - Italtel\" \/>\n<meta property=\"og:url\" content=\"https:\/\/www.italtel.com\/product-lifecycle\/\" \/>\n<meta property=\"og:site_name\" content=\"Italtel\" \/>\n<meta property=\"article:modified_time\" content=\"2026-03-13T09:36:39+00:00\" \/>\n<meta property=\"og:image\" content=\"https:\/\/www.italtel.com\/wp-content\/uploads\/2024\/11\/Italtel_logo.png\" \/>\n\t<meta property=\"og:image:width\" content=\"591\" \/>\n\t<meta property=\"og:image:height\" content=\"139\" \/>\n\t<meta property=\"og:image:type\" content=\"image\/png\" \/>\n<meta name=\"twitter:card\" content=\"summary_large_image\" \/>\n<meta name=\"twitter:site\" content=\"@Italtel\" \/>\n<meta name=\"twitter:label1\" content=\"Gesch\u00e4tzte Lesezeit\" \/>\n\t<meta name=\"twitter:data1\" content=\"2\u00a0Minuten\" \/>\n<script type=\"application\/ld+json\" class=\"yoast-schema-graph\">{\"@context\":\"https:\\\/\\\/schema.org\",\"@graph\":[{\"@type\":\"WebPage\",\"@id\":\"https:\\\/\\\/www.italtel.com\\\/product-lifecycle\\\/\",\"url\":\"https:\\\/\\\/www.italtel.com\\\/product-lifecycle\\\/\",\"name\":\"Produktlebenszyklus - Italtel\",\"isPartOf\":{\"@id\":\"https:\\\/\\\/www.italtel.com\\\/de\\\/#website\"},\"datePublished\":\"2025-10-10T08:01:58+00:00\",\"dateModified\":\"2026-03-13T09:36:39+00:00\",\"breadcrumb\":{\"@id\":\"https:\\\/\\\/www.italtel.com\\\/product-lifecycle\\\/#breadcrumb\"},\"inLanguage\":\"de\",\"potentialAction\":[{\"@type\":\"ReadAction\",\"target\":[\"https:\\\/\\\/www.italtel.com\\\/product-lifecycle\\\/\"]}]},{\"@type\":\"BreadcrumbList\",\"@id\":\"https:\\\/\\\/www.italtel.com\\\/product-lifecycle\\\/#breadcrumb\",\"itemListElement\":[{\"@type\":\"ListItem\",\"position\":1,\"name\":\"Home\",\"item\":\"https:\\\/\\\/www.italtel.com\\\/de\\\/\"},{\"@type\":\"ListItem\",\"position\":2,\"name\":\"Produktlebenszyklus\"}]},{\"@type\":\"WebSite\",\"@id\":\"https:\\\/\\\/www.italtel.com\\\/de\\\/#website\",\"url\":\"https:\\\/\\\/www.italtel.com\\\/de\\\/\",\"name\":\"Italtel\",\"description\":\"Italtel Group&#039;s company website\",\"publisher\":{\"@id\":\"https:\\\/\\\/www.italtel.com\\\/de\\\/#organization\"},\"potentialAction\":[{\"@type\":\"SearchAction\",\"target\":{\"@type\":\"EntryPoint\",\"urlTemplate\":\"https:\\\/\\\/www.italtel.com\\\/de\\\/?s={search_term_string}\"},\"query-input\":{\"@type\":\"PropertyValueSpecification\",\"valueRequired\":true,\"valueName\":\"search_term_string\"}}],\"inLanguage\":\"de\"},{\"@type\":\"Organization\",\"@id\":\"https:\\\/\\\/www.italtel.com\\\/de\\\/#organization\",\"name\":\"Italtel S.p.A.\",\"url\":\"https:\\\/\\\/www.italtel.com\\\/de\\\/\",\"logo\":{\"@type\":\"ImageObject\",\"inLanguage\":\"de\",\"@id\":\"https:\\\/\\\/www.italtel.com\\\/de\\\/#\\\/schema\\\/logo\\\/image\\\/\",\"url\":\"https:\\\/\\\/www.italtel.com\\\/wp-content\\\/uploads\\\/2024\\\/11\\\/Italtel_logo.png\",\"contentUrl\":\"https:\\\/\\\/www.italtel.com\\\/wp-content\\\/uploads\\\/2024\\\/11\\\/Italtel_logo.png\",\"width\":591,\"height\":139,\"caption\":\"Italtel S.p.A.\"},\"image\":{\"@id\":\"https:\\\/\\\/www.italtel.com\\\/de\\\/#\\\/schema\\\/logo\\\/image\\\/\"},\"sameAs\":[\"https:\\\/\\\/x.com\\\/Italtel\",\"https:\\\/\\\/www.linkedin.com\\\/company\\\/italtel\\\/\",\"https:\\\/\\\/www.instagram.com\\\/italtel_hq\\\/\"]}]}<\/script>\n<!-- \/ Yoast SEO plugin. -->","yoast_head_json":{"title":"Produktlebenszyklus - Italtel","robots":{"index":"index","follow":"follow","max-snippet":"max-snippet:-1","max-image-preview":"max-image-preview:large","max-video-preview":"max-video-preview:-1"},"canonical":"https:\/\/www.italtel.com\/product-lifecycle\/","og_locale":"de_DE","og_type":"article","og_title":"Produktlebenszyklus - Italtel","og_url":"https:\/\/www.italtel.com\/product-lifecycle\/","og_site_name":"Italtel","article_modified_time":"2026-03-13T09:36:39+00:00","og_image":[{"width":591,"height":139,"url":"https:\/\/www.italtel.com\/wp-content\/uploads\/2024\/11\/Italtel_logo.png","type":"image\/png"}],"twitter_card":"summary_large_image","twitter_site":"@Italtel","twitter_misc":{"Gesch\u00e4tzte Lesezeit":"2\u00a0Minuten"},"schema":{"@context":"https:\/\/schema.org","@graph":[{"@type":"WebPage","@id":"https:\/\/www.italtel.com\/product-lifecycle\/","url":"https:\/\/www.italtel.com\/product-lifecycle\/","name":"Produktlebenszyklus - Italtel","isPartOf":{"@id":"https:\/\/www.italtel.com\/de\/#website"},"datePublished":"2025-10-10T08:01:58+00:00","dateModified":"2026-03-13T09:36:39+00:00","breadcrumb":{"@id":"https:\/\/www.italtel.com\/product-lifecycle\/#breadcrumb"},"inLanguage":"de","potentialAction":[{"@type":"ReadAction","target":["https:\/\/www.italtel.com\/product-lifecycle\/"]}]},{"@type":"BreadcrumbList","@id":"https:\/\/www.italtel.com\/product-lifecycle\/#breadcrumb","itemListElement":[{"@type":"ListItem","position":1,"name":"Home","item":"https:\/\/www.italtel.com\/de\/"},{"@type":"ListItem","position":2,"name":"Produktlebenszyklus"}]},{"@type":"WebSite","@id":"https:\/\/www.italtel.com\/de\/#website","url":"https:\/\/www.italtel.com\/de\/","name":"Italtel","description":"Italtel Group&#039;s company website","publisher":{"@id":"https:\/\/www.italtel.com\/de\/#organization"},"potentialAction":[{"@type":"SearchAction","target":{"@type":"EntryPoint","urlTemplate":"https:\/\/www.italtel.com\/de\/?s={search_term_string}"},"query-input":{"@type":"PropertyValueSpecification","valueRequired":true,"valueName":"search_term_string"}}],"inLanguage":"de"},{"@type":"Organization","@id":"https:\/\/www.italtel.com\/de\/#organization","name":"Italtel S.p.A.","url":"https:\/\/www.italtel.com\/de\/","logo":{"@type":"ImageObject","inLanguage":"de","@id":"https:\/\/www.italtel.com\/de\/#\/schema\/logo\/image\/","url":"https:\/\/www.italtel.com\/wp-content\/uploads\/2024\/11\/Italtel_logo.png","contentUrl":"https:\/\/www.italtel.com\/wp-content\/uploads\/2024\/11\/Italtel_logo.png","width":591,"height":139,"caption":"Italtel S.p.A."},"image":{"@id":"https:\/\/www.italtel.com\/de\/#\/schema\/logo\/image\/"},"sameAs":["https:\/\/x.com\/Italtel","https:\/\/www.linkedin.com\/company\/italtel\/","https:\/\/www.instagram.com\/italtel_hq\/"]}]}},"_links":{"self":[{"href":"https:\/\/www.italtel.com\/de\/wp-json\/wp\/v2\/pages\/78753","targetHints":{"allow":["GET"]}}],"collection":[{"href":"https:\/\/www.italtel.com\/de\/wp-json\/wp\/v2\/pages"}],"about":[{"href":"https:\/\/www.italtel.com\/de\/wp-json\/wp\/v2\/types\/page"}],"author":[{"embeddable":true,"href":"https:\/\/www.italtel.com\/de\/wp-json\/wp\/v2\/users\/6"}],"replies":[{"embeddable":true,"href":"https:\/\/www.italtel.com\/de\/wp-json\/wp\/v2\/comments?post=78753"}],"version-history":[{"count":9,"href":"https:\/\/www.italtel.com\/de\/wp-json\/wp\/v2\/pages\/78753\/revisions"}],"predecessor-version":[{"id":81279,"href":"https:\/\/www.italtel.com\/de\/wp-json\/wp\/v2\/pages\/78753\/revisions\/81279"}],"wp:attachment":[{"href":"https:\/\/www.italtel.com\/de\/wp-json\/wp\/v2\/media?parent=78753"}],"curies":[{"name":"wp","href":"https:\/\/api.w.org\/{rel}","templated":true}]}}