{"id":65388,"date":"2024-07-29T13:11:21","date_gmt":"2024-07-29T11:11:21","guid":{"rendered":"https:\/\/www.italtel.com\/insight\/"},"modified":"2024-12-18T13:40:20","modified_gmt":"2024-12-18T11:40:20","slug":"insight","status":"publish","type":"page","link":"https:\/\/www.italtel.com\/es\/insight\/","title":{"rendered":"Insight"},"content":{"rendered":"\n\n\t<section class=\"section herosection home no_padding_section\" id=\"section_1470677728\">\n\t\t<div class=\"section-bg fill\" >\n\t\t\t\t\t\t\t\t\t\n\t\t\t\n\n\t\t<\/div>\n\n\t\t\n\n\t\t<div class=\"section-content relative\">\n\t\t\t\n\n<div class=\"row row-small\"  id=\"row-2039533837\">\n\n\n\t<div id=\"col-743258949\" class=\"col small-12 large-12\"  >\n\t\t\t\t<div class=\"col-inner\"  >\n\t\t\t\n\t\t\t\n\n\n  <div class=\"banner has-hover borderradius_10 blueblack_gradient oscillating-hue-rotate\" id=\"banner-1461137479\">\n          <div class=\"banner-inner fill\">\n        <div class=\"banner-bg fill\" >\n            <img loading=\"lazy\" decoding=\"async\" width=\"1020\" height=\"300\" src=\"https:\/\/www.italtel.com\/wp-content\/uploads\/2024\/07\/Lead_the_change-1024x301.png\" class=\"bg attachment-large size-large\" alt=\"\" \/>                        <div class=\"overlay\"><\/div>            \n                    <\/div>\n\t\t\n        <div class=\"banner-layers container\">\n            <div class=\"fill banner-link\"><\/div>            \n\n   <div id=\"text-box-576277042\" class=\"text-box banner-layer x5 md-x5 lg-x5 y50 md-y50 lg-y50 res-text\">\n                     <div data-animate=\"none\">           <div class=\"text-box-content text dark\">\n              \n              <div class=\"text-inner text-left\">\n                  \n\n<div class=\"row\"  id=\"row-93725588\">\n\n\n\t<div id=\"col-1181756369\" class=\"col marginbottom_0 paddingbottom_0 small-12 large-12\"  >\n\t\t\t\t<div class=\"col-inner\"  >\n\t\t\t\n\t\t\t\n\n\t<div id=\"text-402648205\" class=\"text fontsize_70 fontweight_500\">\n\t\t\n\n<h1>Lidera el Cambio<\/h1>\n\t\t\n<style>\n#text-402648205 {\n  text-align: left;\n  color: rgb(255, 255, 255);\n}\n#text-402648205 > * {\n  color: rgb(255, 255, 255);\n}\n<\/style>\n\t<\/div>\n\t\n\n\t\t<\/div>\n\t\t\t\t\t<\/div>\n\n\t\n\n<\/div>\n<div class=\"row\"  id=\"row-16966404\">\n\n\n\t<div id=\"col-1331717704\" class=\"col medium-9 small-12 large-9\"  >\n\t\t\t\t<div class=\"col-inner\"  >\n\t\t\t\n\t\t\t\n\n\t<div id=\"text-770978902\" class=\"text fontsize_20 fontweight_400\">\n\t\t\n\n<p>Sum\u00e9rgete en nuestra investigaci\u00f3n exhaustiva, en el conocimiento y en las historias de \u00e9xito de clientes reales, creadas para ayudarle a aprovechar el poder del cambio y acelerar tu camino hacia la excelencia.<\/p>\n\t\t\n<style>\n#text-770978902 {\n  text-align: left;\n  color: rgb(255, 255, 255);\n}\n#text-770978902 > * {\n  color: rgb(255, 255, 255);\n}\n<\/style>\n\t<\/div>\n\t\n\n\t\t<\/div>\n\t\t\t\t\t<\/div>\n\n\t\n\n<\/div>\n\n              <\/div>\n           <\/div>\n       <\/div>                     \n<style>\n#text-box-576277042 {\n  width: 90%;\n}\n#text-box-576277042 .text-box-content {\n  font-size: 100%;\n}\n@media (min-width:550px) {\n  #text-box-576277042 {\n    width: 60%;\n  }\n}\n<\/style>\n    <\/div>\n \n\n        <\/div>\n      <\/div>\n\n            \n<style>\n#banner-1461137479 {\n  padding-top: 40rem;\n}\n#banner-1461137479 .overlay {\n  background-color: rgba(0, 0, 0, 0);\n}\n<\/style>\n  <\/div>\n\n\n\n\t\t<\/div>\n\t\t\t\t\t<\/div>\n\n\t\n\n<\/div>\n\n\t\t<\/div>\n\n\t\t\n<style>\n#section_1470677728 {\n  padding-top: 0px;\n  padding-bottom: 0px;\n}\n<\/style>\n\t<\/section>\n\t\n\n\t<section class=\"section no_padding_section insights_page\" id=\"section_843113198\">\n\t\t<div class=\"section-bg fill\" >\n\t\t\t\t\t\t\t\t\t\n\t\t\t\n\n\t\t<\/div>\n\n\t\t\n\n\t\t<div class=\"section-content relative\">\n\t\t\t\n\n<div class=\"row row-small\"  id=\"row-625314865\">\n\n\n\t<div id=\"col-556302465\" class=\"col small-12 large-12\"  >\n\t\t\t\t<div class=\"col-inner\"  >\n\t\t\t\n\t\t\t\n\n\n\n    <div id=\"filter-container\">\n        <div class=\"filter-group\">\n            <button class=\"filter-button\" data-filter=\"topic\">+ TOPIC<\/button>\n        <\/div>\n        <div class=\"filter-group\">\n            <button class=\"filter-button\" data-filter=\"industries\">+ INDUSTRY<\/button>\n        <\/div>\n        <div class=\"filter-group\">\n            <button class=\"filter-button\" data-filter=\"content_type\">+ CONTENT TYPE<\/button>\n        <\/div>\n        <div class=\"filter-group search_group\">\n            <button class=\"filter-button\" data-filter=\"search_text\">\n                <img class='search_button_img' src='\/wp-content\/uploads\/2024\/09\/Raggruppa-13303.svg' alt=\"Search\">\n            <\/button>\n        <\/div>\n\n        <div class=\"filter-options\" data-filter=\"topic\">\n            <div class='filter-options-container'>\n                                    <div data-value=\"AI, Analytics &amp; Automation\">AI, Analytics &amp; Automation<\/div>\n                                    <div data-value=\"Company\">Company<\/div>\n                                    <div data-value=\"Cyber &amp; OT Security\">Cyber &amp; OT Security<\/div>\n                                    <div data-value=\"DC &amp; Cloud Journey\">DC &amp; Cloud Journey<\/div>\n                                    <div data-value=\"Innovation\">Innovation<\/div>\n                                    <div data-value=\"IT Operations &amp; Managed Services\">IT Operations &amp; Managed Services<\/div>\n                                    <div data-value=\"Modern Work &amp; Digital Comms\">Modern Work &amp; Digital Comms<\/div>\n                                    <div data-value=\"Network Evolution &amp; 5G\">Network Evolution &amp; 5G<\/div>\n                                    <div data-value=\"Our People\">Our People<\/div>\n                                    <div data-value=\"Partnership\">Partnership<\/div>\n                                    <div data-value=\"Research\">Research<\/div>\n                                    <div data-value=\"Smart &amp; Vertical Solutions\">Smart &amp; Vertical Solutions<\/div>\n                                    <div data-value=\"Sustainability\">Sustainability<\/div>\n                            <\/div>\n            <div class=\"command-container\">\n                <button class=\"filter-reset-button\">CLEAR ALL<\/button>\n                <button class=\"filter-search-button\" data-filter=\"topic\">SHOW RESULTS<\/button>\n            <\/div>\n            <hr>\n        <\/div>\n\n        <div class=\"filter-options\" data-filter=\"industries\">\n            <div class='filter-options-container'>\n                                    <div data-value=\"Banking &amp; Insurance\">Banking &amp; Insurance<\/div>\n                                    <div data-value=\"Digital Health\">Digital Health<\/div>\n                                    <div data-value=\"Energy, Utilities &amp; Transportation\">Energy, Utilities &amp; Transportation<\/div>\n                                    <div data-value=\"Leading Enterprises\">Leading Enterprises<\/div>\n                                    <div data-value=\"Public Administration\">Public Administration<\/div>\n                                    <div data-value=\"Telco &amp; Media\">Telco &amp; Media<\/div>\n                            <\/div>\n            <div class=\"command-container\">\n                <button class=\"filter-reset-button\">CLEAR ALL<\/button>\n                <button class=\"filter-search-button\" data-filter=\"industries\">SHOW RESULTS<\/button>\n            <\/div>\n            <hr>\n        <\/div>\n\n        <div class=\"filter-options\" data-filter=\"content_type\">\n            <div class='filter-options-container'>\n                                    <div data-value=\"Case study\">Case study<\/div>\n                                    <div data-value=\"Events\">Events<\/div>\n                                    <div data-value=\"Focus\">Focus<\/div>\n                                    <div data-value=\"Interview\">Interview<\/div>\n                                    <div data-value=\"News\">News<\/div>\n                                    <div data-value=\"Press Release\">Press Release<\/div>\n                            <\/div>\n            <div class=\"command-container\">\n                <button class=\"filter-reset-button\">CLEAR ALL<\/button>\n                <button class=\"filter-search-button\" data-filter=\"content_type\">SHOW RESULTS<\/button>\n            <\/div>\n            <hr>\n        <\/div>\n\n        <div class=\"filter-options\" data-filter=\"search_text\">\n            <input type=\"text\" id=\"search-text\" placeholder=\"Search...\">\n            <div class=\"command-container\">\n                <button class=\"filter-reset-button\">CLEAR ALL<\/button>\n                <button class=\"filter-search-button\" data-filter=\"search_text\">SHOW RESULTS<\/button>\n            <\/div>\n            <hr>\n        <\/div>\n    <\/div>\n\n    <div id=\"custom-gallery-container\">\n        <div class=\"custom-gallery-item\"><a href=\"https:\/\/www.italtel.com\/es\/italtel-aprueba-sus-estados-financieros-de-2025\/\"><div class=\"custom-gallery-image\" style=\"background-image: url(https:\/\/www.italtel.com\/wp-content\/uploads\/2024\/07\/Gruppo-di-maschere-16.jpg);\"><\/div><div class=\"custom-gallery-content\"><div><span class=\"custom-gallery-type\">NEWS<\/span><span class=\"custom-gallery-date\">28.04.2026<\/span><\/div><h3 class=\"custom-gallery-title\">Italtel aprueba sus estados financieros de 2025<\/h3><\/div><\/a><\/div><div class=\"custom-gallery-item\"><a href=\"https:\/\/www.italtel.com\/es\/portfolio\/como-las-tecnologias-de-italtel-y-cisco-mejoran-las-comunicaciones-portuarias-para-costa-crociere\/\"><div class=\"custom-gallery-image\" style=\"background-image: url(https:\/\/www.italtel.com\/wp-content\/uploads\/2025\/07\/1.-Costa-Smeralda-day-2.webp);\"><\/div><div class=\"custom-gallery-content\"><div><span class=\"custom-gallery-type\">CASE STUDY<\/span><span class=\"custom-gallery-date\">24.04.2026<\/span><\/div><h3 class=\"custom-gallery-title\">C\u00f3mo las tecnolog\u00edas de Italtel y Cisco mejoran las comunicaciones portuarias para Costa Crociere<\/h3><\/div><\/a><\/div><div class=\"custom-gallery-item\"><a href=\"https:\/\/www.italtel.com\/es\/portfolio\/clasificacion-automatizada-de-residuos-especiales-ia-al-servicio-del-cumplimiento-normativo-y-la-sostenibilidad\/\"><div class=\"custom-gallery-image\" style=\"background-image: url(https:\/\/www.italtel.com\/wp-content\/uploads\/2026\/04\/Raccolta-differenziata-in-un-ambiente-interno-copia.webp);\"><\/div><div class=\"custom-gallery-content\"><div><span class=\"custom-gallery-type\">CASE STUDY<\/span><span class=\"custom-gallery-date\">07.04.2026<\/span><\/div><h3 class=\"custom-gallery-title\">Clasificaci\u00f3n automatizada de residuos especiales: IA al servicio del cumplimiento normativo y la sostenibilidad<\/h3><\/div><\/a><\/div><div class=\"custom-gallery-item\"><a href=\"https:\/\/www.italtel.com\/es\/hacia-redes-quantum-safe-la-nueva-frontera-de-la-seguridad-en-las-telecomunicaciones\/\"><div class=\"custom-gallery-image\" style=\"background-image: url(https:\/\/www.italtel.com\/wp-content\/uploads\/2024\/10\/unconformstudio_an_abstract_image_blue_tones_cybersecurity_fing_238335ac-118d-489f-adc3-dbe6d01e2181-scaled.webp);\"><\/div><div class=\"custom-gallery-content\"><div><span class=\"custom-gallery-type\">NEWS<\/span><span class=\"custom-gallery-date\">02.04.2026<\/span><\/div><h3 class=\"custom-gallery-title\">Hacia redes quantum-safe: la nueva frontera de la seguridad en las telecomunicaciones<\/h3><\/div><\/a><\/div><div class=\"custom-gallery-item\"><a href=\"https:\/\/www.italtel.com\/es\/portfolio\/ciberseguridad-ot-infraestructuras-productivas-mas-seguras\/\"><div class=\"custom-gallery-image\" style=\"background-image: url(https:\/\/www.italtel.com\/wp-content\/uploads\/2026\/03\/industry-OTSEC-scaled.webp);\"><\/div><div class=\"custom-gallery-content\"><div><span class=\"custom-gallery-type\">CASE STUDY<\/span><span class=\"custom-gallery-date\">17.03.2026<\/span><\/div><h3 class=\"custom-gallery-title\">Ciberseguridad OT: infraestructuras productivas m\u00e1s seguras<\/h3><\/div><\/a><\/div><div class=\"custom-gallery-item\"><a href=\"https:\/\/www.italtel.com\/es\/8-de-marzo-lo-que-aprendemos-trabajando-con-companeras\/\"><div class=\"custom-gallery-image\" style=\"background-image: url(https:\/\/www.italtel.com\/wp-content\/uploads\/2026\/03\/Sequenza-01.00_00_27_17.Immagine001.webp);\"><\/div><div class=\"custom-gallery-content\"><div><span class=\"custom-gallery-type\">NEWS<\/span><span class=\"custom-gallery-date\">08.03.2026<\/span><\/div><h3 class=\"custom-gallery-title\">8 de marzo: lo que aprendemos trabajando con compa\u00f1eras<\/h3><\/div><\/a><\/div><div class=\"custom-gallery-item\"><a href=\"https:\/\/www.italtel.com\/es\/mobile-world-congress-2026-innovation-collaboration-and-the-evolution-toward-quantum-safe-networks\/\"><div class=\"custom-gallery-image\" style=\"background-image: url(https:\/\/www.italtel.com\/wp-content\/uploads\/2026\/03\/A1.webp);\"><\/div><div class=\"custom-gallery-content\"><div><span class=\"custom-gallery-type\">NEWS<\/span><span class=\"custom-gallery-date\">06.03.2026<\/span><\/div><h3 class=\"custom-gallery-title\">Mobile World Congress 2026: innovaci\u00f3n, colaboraci\u00f3n y evoluci\u00f3n hacia redes quantum-safe<\/h3><\/div><\/a><\/div><div class=\"custom-gallery-item\"><a href=\"https:\/\/www.italtel.com\/es\/italtel-returns-to-mobile-world-congress-2026-with-quantum-bridge-technologies-%f0%9f%9a%80\/\"><div class=\"custom-gallery-image\" style=\"background-image: url(https:\/\/www.italtel.com\/wp-content\/uploads\/2026\/02\/mwc25bcn-copia.webp);\"><\/div><div class=\"custom-gallery-content\"><div><span class=\"custom-gallery-type\">NEWS<\/span><span class=\"custom-gallery-date\">26.02.2026<\/span><\/div><h3 class=\"custom-gallery-title\">Italtel vuelve al Mobile World Congress 2026 con Quantum Bridge Technologies<\/h3><\/div><\/a><\/div><div class=\"custom-gallery-item\"><a href=\"https:\/\/www.italtel.com\/es\/italtel-espana-premiada-como-mejor-partner-cisco360-en-los-cisco-spain-partner-awards-fy25\/\"><div class=\"custom-gallery-image\" style=\"background-image: url(https:\/\/www.italtel.com\/wp-content\/uploads\/2026\/02\/Italtel-Mejor-Partner-Cisco36-2.webp);\"><\/div><div class=\"custom-gallery-content\"><div><span class=\"custom-gallery-type\">NEWS<\/span><span class=\"custom-gallery-date\">11.02.2026<\/span><\/div><h3 class=\"custom-gallery-title\">Italtel Espa\u00f1a premiada como Mejor Partner Cisco360 en los Cisco Spain Partner Awards FY25<\/h3><\/div><\/a><\/div><div class=\"custom-gallery-item\"><a href=\"https:\/\/www.italtel.com\/es\/italtel-acelera-su-crecimiento-en-latam-con-el-nombramiento-de-paolo-pellegrineschi\/\"><div class=\"custom-gallery-image\" style=\"background-image: url(https:\/\/www.italtel.com\/wp-content\/uploads\/2026\/02\/Paolo-Pellegrineschi_0126_sito-scaled.webp);\"><\/div><div class=\"custom-gallery-content\"><div><span class=\"custom-gallery-type\">NEWS<\/span><span class=\"custom-gallery-date\">03.02.2026<\/span><\/div><h3 class=\"custom-gallery-title\">Italtel acelera su crecimiento en LATAM con el nombramiento de Paolo Pellegrineschi<\/h3><\/div><\/a><\/div><div class=\"custom-gallery-item\"><a href=\"https:\/\/www.italtel.com\/es\/italtel-consolida-la-alianza-estrategica-con-la-comunidad-de-madrid\/\"><div class=\"custom-gallery-image\" style=\"background-image: url(https:\/\/www.italtel.com\/wp-content\/uploads\/2026\/01\/Delegazione-spagnola.webp);\"><\/div><div class=\"custom-gallery-content\"><div><span class=\"custom-gallery-type\">NEWS<\/span><span class=\"custom-gallery-date\">30.01.2026<\/span><\/div><h3 class=\"custom-gallery-title\">Italtel consolida la alianza estrat\u00e9gica con la Comunidad de Madrid<\/h3><\/div><\/a><\/div><div class=\"custom-gallery-item\"><a href=\"https:\/\/www.italtel.com\/es\/automatizacion-de-redes-ict-empresariales-eficiencia-seguridad-y-cumplimiento-normativo\/\"><div class=\"custom-gallery-image\" style=\"background-image: url(https:\/\/www.italtel.com\/wp-content\/uploads\/2026\/01\/FS_M2-copia.webp);\"><\/div><div class=\"custom-gallery-content\"><div><span class=\"custom-gallery-type\">NEWS<\/span><span class=\"custom-gallery-date\">27.01.2026<\/span><\/div><h3 class=\"custom-gallery-title\">Automatizaci\u00f3n de redes ICT empresariales: eficiencia, seguridad y cumplimiento normativo<\/h3><\/div><\/a><\/div><div class=\"custom-gallery-item\"><a href=\"https:\/\/www.italtel.com\/es\/cdp-rating-2025-italtel-consolida-su-desempeno-en-climate-change\/\"><div class=\"custom-gallery-image\" style=\"background-image: url(https:\/\/www.italtel.com\/wp-content\/uploads\/2026\/01\/Sustainability-CDP-.webp);\"><\/div><div class=\"custom-gallery-content\"><div><span class=\"custom-gallery-type\">NEWS<\/span><span class=\"custom-gallery-date\">22.01.2026<\/span><\/div><h3 class=\"custom-gallery-title\">CDP Rating 2025: Italtel consolida su desempe\u00f1o en Climate Change<\/h3><\/div><\/a><\/div><div class=\"custom-gallery-item\"><a href=\"https:\/\/www.italtel.com\/es\/italtel-y-panel-se-asocian-para-impulsar-la-innovacion-digital-y-la-inteligencia-artificial\/\"><div class=\"custom-gallery-image\" style=\"background-image: url(https:\/\/www.italtel.com\/wp-content\/uploads\/2026\/01\/partnership-scaled.webp);\"><\/div><div class=\"custom-gallery-content\"><div><span class=\"custom-gallery-type\">NEWS<\/span><span class=\"custom-gallery-date\">20.01.2026<\/span><\/div><h3 class=\"custom-gallery-title\">Italtel y Panel se asocian para impulsar la innovaci\u00f3n digital y la inteligencia artificial<\/h3><\/div><\/a><\/div><div class=\"custom-gallery-item\"><a href=\"https:\/\/www.italtel.com\/es\/portfolio\/transformacion-cloud-para-la-gestion-de-red-de-un-operador-telco-tier-1\/\"><div class=\"custom-gallery-image\" style=\"background-image: url(https:\/\/www.italtel.com\/wp-content\/uploads\/2025\/09\/DCCLoud_3-1.webp);\"><\/div><div class=\"custom-gallery-content\"><div><span class=\"custom-gallery-type\">CASE STUDY<\/span><span class=\"custom-gallery-date\">08.01.2026<\/span><\/div><h3 class=\"custom-gallery-title\">Transformaci\u00f3n Cloud para la gesti\u00f3n de red de un operador Telco Tier 1<\/h3><\/div><\/a><\/div>    <\/div>\n    <div class=\"load-more-container\">\n        <button id=\"load-more\" data-offset=\"15\" class=\"load-more-button\">VIEW MORE<\/button>\n    <\/div>\n    \n\n\n\t\t<\/div>\n\t\t\t\t\t<\/div>\n\n\t\n\n<\/div>\n\n\t\t<\/div>\n\n\t\t\n<style>\n#section_843113198 {\n  padding-top: 30px;\n  padding-bottom: 30px;\n}\n<\/style>\n\t<\/section>\n\t\n\n","protected":false},"excerpt":{"rendered":"","protected":false},"author":1,"featured_media":0,"parent":0,"menu_order":0,"comment_status":"closed","ping_status":"closed","template":"page-blank.php","meta":{"footnotes":""},"class_list":["post-65388","page","type-page","status-publish","hentry"],"yoast_head":"<!-- This site is optimized with the Yoast SEO plugin v27.4 - https:\/\/yoast.com\/product\/yoast-seo-wordpress\/ -->\n<title>Insight - Italtel<\/title>\n<meta name=\"robots\" content=\"index, follow, max-snippet:-1, max-image-preview:large, max-video-preview:-1\" \/>\n<link rel=\"canonical\" href=\"https:\/\/www.italtel.com\/es\/insight\/\" \/>\n<meta property=\"og:locale\" content=\"es_ES\" \/>\n<meta property=\"og:type\" content=\"article\" \/>\n<meta property=\"og:title\" content=\"Insight - Italtel\" \/>\n<meta property=\"og:url\" content=\"https:\/\/www.italtel.com\/es\/insight\/\" \/>\n<meta property=\"og:site_name\" content=\"Italtel\" \/>\n<meta property=\"article:modified_time\" content=\"2024-12-18T11:40:20+00:00\" \/>\n<meta property=\"og:image\" content=\"https:\/\/www.italtel.com\/wp-content\/uploads\/2024\/11\/Italtel_logo.png\" \/>\n\t<meta property=\"og:image:width\" content=\"591\" \/>\n\t<meta property=\"og:image:height\" content=\"139\" \/>\n\t<meta property=\"og:image:type\" content=\"image\/png\" \/>\n<meta name=\"twitter:card\" content=\"summary_large_image\" \/>\n<meta name=\"twitter:site\" content=\"@Italtel\" \/>\n<meta name=\"twitter:label1\" content=\"Tiempo de lectura\" \/>\n\t<meta name=\"twitter:data1\" content=\"1 minuto\" \/>\n<script type=\"application\/ld+json\" class=\"yoast-schema-graph\">{\"@context\":\"https:\\\/\\\/schema.org\",\"@graph\":[{\"@type\":\"WebPage\",\"@id\":\"https:\\\/\\\/www.italtel.com\\\/es\\\/insight\\\/\",\"url\":\"https:\\\/\\\/www.italtel.com\\\/es\\\/insight\\\/\",\"name\":\"Insight - Italtel\",\"isPartOf\":{\"@id\":\"https:\\\/\\\/www.italtel.com\\\/de\\\/#website\"},\"datePublished\":\"2024-07-29T11:11:21+00:00\",\"dateModified\":\"2024-12-18T11:40:20+00:00\",\"breadcrumb\":{\"@id\":\"https:\\\/\\\/www.italtel.com\\\/es\\\/insight\\\/#breadcrumb\"},\"inLanguage\":\"es\",\"potentialAction\":[{\"@type\":\"ReadAction\",\"target\":[\"https:\\\/\\\/www.italtel.com\\\/es\\\/insight\\\/\"]}]},{\"@type\":\"BreadcrumbList\",\"@id\":\"https:\\\/\\\/www.italtel.com\\\/es\\\/insight\\\/#breadcrumb\",\"itemListElement\":[{\"@type\":\"ListItem\",\"position\":1,\"name\":\"Home\",\"item\":\"https:\\\/\\\/www.italtel.com\\\/es\\\/\"},{\"@type\":\"ListItem\",\"position\":2,\"name\":\"Insight\"}]},{\"@type\":\"WebSite\",\"@id\":\"https:\\\/\\\/www.italtel.com\\\/de\\\/#website\",\"url\":\"https:\\\/\\\/www.italtel.com\\\/de\\\/\",\"name\":\"Italtel\",\"description\":\"Italtel Group&#039;s company website\",\"publisher\":{\"@id\":\"https:\\\/\\\/www.italtel.com\\\/de\\\/#organization\"},\"potentialAction\":[{\"@type\":\"SearchAction\",\"target\":{\"@type\":\"EntryPoint\",\"urlTemplate\":\"https:\\\/\\\/www.italtel.com\\\/de\\\/?s={search_term_string}\"},\"query-input\":{\"@type\":\"PropertyValueSpecification\",\"valueRequired\":true,\"valueName\":\"search_term_string\"}}],\"inLanguage\":\"es\"},{\"@type\":\"Organization\",\"@id\":\"https:\\\/\\\/www.italtel.com\\\/de\\\/#organization\",\"name\":\"Italtel S.p.A.\",\"url\":\"https:\\\/\\\/www.italtel.com\\\/de\\\/\",\"logo\":{\"@type\":\"ImageObject\",\"inLanguage\":\"es\",\"@id\":\"https:\\\/\\\/www.italtel.com\\\/de\\\/#\\\/schema\\\/logo\\\/image\\\/\",\"url\":\"https:\\\/\\\/www.italtel.com\\\/wp-content\\\/uploads\\\/2024\\\/11\\\/Italtel_logo.png\",\"contentUrl\":\"https:\\\/\\\/www.italtel.com\\\/wp-content\\\/uploads\\\/2024\\\/11\\\/Italtel_logo.png\",\"width\":591,\"height\":139,\"caption\":\"Italtel S.p.A.\"},\"image\":{\"@id\":\"https:\\\/\\\/www.italtel.com\\\/de\\\/#\\\/schema\\\/logo\\\/image\\\/\"},\"sameAs\":[\"https:\\\/\\\/x.com\\\/Italtel\",\"https:\\\/\\\/www.linkedin.com\\\/company\\\/italtel\\\/\",\"https:\\\/\\\/www.instagram.com\\\/italtel_hq\\\/\"]}]}<\/script>\n<!-- \/ Yoast SEO plugin. -->","yoast_head_json":{"title":"Insight - Italtel","robots":{"index":"index","follow":"follow","max-snippet":"max-snippet:-1","max-image-preview":"max-image-preview:large","max-video-preview":"max-video-preview:-1"},"canonical":"https:\/\/www.italtel.com\/es\/insight\/","og_locale":"es_ES","og_type":"article","og_title":"Insight - Italtel","og_url":"https:\/\/www.italtel.com\/es\/insight\/","og_site_name":"Italtel","article_modified_time":"2024-12-18T11:40:20+00:00","og_image":[{"width":591,"height":139,"url":"https:\/\/www.italtel.com\/wp-content\/uploads\/2024\/11\/Italtel_logo.png","type":"image\/png"}],"twitter_card":"summary_large_image","twitter_site":"@Italtel","twitter_misc":{"Tiempo de lectura":"1 minuto"},"schema":{"@context":"https:\/\/schema.org","@graph":[{"@type":"WebPage","@id":"https:\/\/www.italtel.com\/es\/insight\/","url":"https:\/\/www.italtel.com\/es\/insight\/","name":"Insight - Italtel","isPartOf":{"@id":"https:\/\/www.italtel.com\/de\/#website"},"datePublished":"2024-07-29T11:11:21+00:00","dateModified":"2024-12-18T11:40:20+00:00","breadcrumb":{"@id":"https:\/\/www.italtel.com\/es\/insight\/#breadcrumb"},"inLanguage":"es","potentialAction":[{"@type":"ReadAction","target":["https:\/\/www.italtel.com\/es\/insight\/"]}]},{"@type":"BreadcrumbList","@id":"https:\/\/www.italtel.com\/es\/insight\/#breadcrumb","itemListElement":[{"@type":"ListItem","position":1,"name":"Home","item":"https:\/\/www.italtel.com\/es\/"},{"@type":"ListItem","position":2,"name":"Insight"}]},{"@type":"WebSite","@id":"https:\/\/www.italtel.com\/de\/#website","url":"https:\/\/www.italtel.com\/de\/","name":"Italtel","description":"Italtel Group&#039;s company website","publisher":{"@id":"https:\/\/www.italtel.com\/de\/#organization"},"potentialAction":[{"@type":"SearchAction","target":{"@type":"EntryPoint","urlTemplate":"https:\/\/www.italtel.com\/de\/?s={search_term_string}"},"query-input":{"@type":"PropertyValueSpecification","valueRequired":true,"valueName":"search_term_string"}}],"inLanguage":"es"},{"@type":"Organization","@id":"https:\/\/www.italtel.com\/de\/#organization","name":"Italtel S.p.A.","url":"https:\/\/www.italtel.com\/de\/","logo":{"@type":"ImageObject","inLanguage":"es","@id":"https:\/\/www.italtel.com\/de\/#\/schema\/logo\/image\/","url":"https:\/\/www.italtel.com\/wp-content\/uploads\/2024\/11\/Italtel_logo.png","contentUrl":"https:\/\/www.italtel.com\/wp-content\/uploads\/2024\/11\/Italtel_logo.png","width":591,"height":139,"caption":"Italtel S.p.A."},"image":{"@id":"https:\/\/www.italtel.com\/de\/#\/schema\/logo\/image\/"},"sameAs":["https:\/\/x.com\/Italtel","https:\/\/www.linkedin.com\/company\/italtel\/","https:\/\/www.instagram.com\/italtel_hq\/"]}]}},"_links":{"self":[{"href":"https:\/\/www.italtel.com\/es\/wp-json\/wp\/v2\/pages\/65388","targetHints":{"allow":["GET"]}}],"collection":[{"href":"https:\/\/www.italtel.com\/es\/wp-json\/wp\/v2\/pages"}],"about":[{"href":"https:\/\/www.italtel.com\/es\/wp-json\/wp\/v2\/types\/page"}],"author":[{"embeddable":true,"href":"https:\/\/www.italtel.com\/es\/wp-json\/wp\/v2\/users\/1"}],"replies":[{"embeddable":true,"href":"https:\/\/www.italtel.com\/es\/wp-json\/wp\/v2\/comments?post=65388"}],"version-history":[{"count":4,"href":"https:\/\/www.italtel.com\/es\/wp-json\/wp\/v2\/pages\/65388\/revisions"}],"predecessor-version":[{"id":66897,"href":"https:\/\/www.italtel.com\/es\/wp-json\/wp\/v2\/pages\/65388\/revisions\/66897"}],"wp:attachment":[{"href":"https:\/\/www.italtel.com\/es\/wp-json\/wp\/v2\/media?parent=65388"}],"curies":[{"name":"wp","href":"https:\/\/api.w.org\/{rel}","templated":true}]}}