{"id":76394,"date":"2025-07-02T12:41:43","date_gmt":"2025-07-02T10:41:43","guid":{"rendered":"https:\/\/www.italtel.com\/accessibilita\/"},"modified":"2025-07-25T10:20:58","modified_gmt":"2025-07-25T08:20:58","slug":"accesibilidad","status":"publish","type":"page","link":"https:\/\/www.italtel.com\/es\/accesibilidad\/","title":{"rendered":"Accesibilidad"},"content":{"rendered":"\n\n\t<section class=\"section herosection home no_padding_section\" id=\"section_1073032607\">\n\t\t<div class=\"section-bg fill\" >\n\t\t\t\t\t\t\t\t\t\n\t\t\t\n\n\t\t<\/div>\n\n\t\t\n\n\t\t<div class=\"section-content relative\">\n\t\t\t\n\n<div class=\"row row-small\"  id=\"row-1723520038\">\n\n\n\t<div id=\"col-1591287245\" class=\"col paddingbottom_0 small-12 large-12\"  data-animate=\"fadeInUp\">\n\t\t\t\t<div class=\"col-inner\"  >\n\t\t\t\n\t\t\t\n\n\n  <div class=\"banner has-hover borderradius_10 has-parallax\" id=\"banner-1908087022\">\n          <div class=\"banner-inner fill\">\n        <div class=\"banner-bg fill\" data-parallax=\"-3\" data-parallax-container=\".banner\" data-parallax-background>\n            <img loading=\"lazy\" decoding=\"async\" width=\"2500\" height=\"1463\" src=\"https:\/\/www.italtel.com\/wp-content\/uploads\/2024\/10\/lorem-ipsum-docet-magna.webp\" class=\"bg attachment-original size-original\" alt=\"\" \/>                                    \n                    <\/div>\n\t\t\n        <div class=\"banner-layers container\">\n            <div class=\"fill banner-link\"><\/div>            \n\n   <div id=\"text-box-1042070766\" class=\"text-box banner-layer x5 md-x5 lg-x5 y50 md-y50 lg-y50 res-text\">\n                     <div data-animate=\"none\">           <div class=\"text-box-content text dark\">\n              \n              <div class=\"text-inner text-left\">\n                  \n\n<div class=\"row\"  id=\"row-278436867\">\n\n\n\t<div id=\"col-1596924374\" class=\"col marginbottom_0 paddingbottom_0 small-12 large-12\"  >\n\t\t\t\t<div class=\"col-inner\"  >\n\t\t\t\n\t\t\t\n\n\t<div id=\"text-1833540639\" class=\"text fontweight_500 fontsize_70\">\n\t\t\n\n<h3>Accesibilidad<\/h3>\n\t\t\n<style>\n#text-1833540639 {\n  text-align: left;\n}\n<\/style>\n\t<\/div>\n\t\n\t<div id=\"text-3970935817\" class=\"text fontweight_300 fontsize_30\">\n\t\t\n\n<h3>Acceso simplificado. Posibilidades hechas realidad.<\/h3>\n\t\t\n<style>\n#text-3970935817 {\n  text-align: left;\n}\n<\/style>\n\t<\/div>\n\t\n\n\t\t<\/div>\n\t\t\t\t\t<\/div>\n\n\t\n\n<\/div>\n\n              <\/div>\n           <\/div>\n       <\/div>                     \n<style>\n#text-box-1042070766 {\n  width: 60%;\n}\n#text-box-1042070766 .text-box-content {\n  font-size: 100%;\n}\n<\/style>\n    <\/div>\n \n\n        <\/div>\n      <\/div>\n\n            \n<style>\n#banner-1908087022 {\n  padding-top: 65rem;\n}\n#banner-1908087022 .banner-bg img {\n  object-position: 69% 0%;\n}\n<\/style>\n  <\/div>\n\n\n\n\t\t<\/div>\n\t\t\t\t\t<\/div>\n\n\t\n\n<\/div>\n\n\t\t<\/div>\n\n\t\t\n<style>\n#section_1073032607 {\n  padding-top: 0px;\n  padding-bottom: 0px;\n}\n<\/style>\n\t<\/section>\n\t\n\n\t<section class=\"section sustainability_section\" id=\"section_1478714931\">\n\t\t<div class=\"section-bg fill\" >\n\t\t\t\t\t\t\t\t\t\n\t\t\t\n\n\t\t<\/div>\n\n\t\t\n\n\t\t<div class=\"section-content relative\">\n\t\t\t\n\n<div class=\"row row-small\"  id=\"row-1811088032\">\n\n\n\t<div id=\"col-2138350343\" class=\"col medium-8 small-12 large-8\"  >\n\t\t\t\t<div class=\"col-inner\"  >\n\t\t\t\n\t\t\t\n\n\t<div id=\"text-2953794564\" class=\"text fontsize_16 color_black\">\n\t\t\n\n<h2>ACCESIBILIDAD EN ITALTEL<\/h2>\n\t\t\t<\/div>\n\t\n\t<div id=\"text-3091066738\" class=\"text fontsize_54 color_black fontweight_500\">\n\t\t\n\n<h3>Nuestro compromiso: un mundo digital m\u00e1s accesible<\/h3>\n\t\t\t<\/div>\n\t\n\t<div id=\"text-475803655\" class=\"text fontsize_20 color_black fontweight_300\">\n\t\t\n\n<p data-start=\"3309\" data-end=\"3537\">En Italtel creemos que la tecnolog\u00eda debe ser un puente, no una barrera.<br data-start=\"3381\" data-end=\"3384\" \/>Por eso, trabajamos para que nuestro sitio web \u2014 <a class=\"cursor-pointer\" target=\"_new\" rel=\"noopener\" data-start=\"3433\" data-end=\"3448\">www.italtel.com<\/a> \u2014 sea accesible y usable para todas las personas, independientemente de sus capacidades.<\/p>\n<p data-start=\"3539\" data-end=\"3825\">Nuestro objetivo es ofrecer una experiencia de usuario inclusiva que cumpla con los est\u00e1ndares internacionales m\u00e1s exigentes de accesibilidad, de acuerdo con las Pautas de Accesibilidad para el Contenido Web (WCAG) 2.1, niveles A y AA, promovidas por el World Wide Web Consortium (W3C).<\/p>\n\t\t\t<\/div>\n\t\n\t<div id=\"gap-29065641\" class=\"gap-element clearfix\" style=\"display:block; height:auto;\">\n\t\t\n<style>\n#gap-29065641 {\n  padding-top: 8rem;\n}\n<\/style>\n\t<\/div>\n\t\n\n\t<div id=\"text-627838502\" class=\"text fontsize_16 color_black\">\n\t\t\n\n<h2>UN COMPROMISO CONSTANTE<\/h2>\n\t\t\t<\/div>\n\t\n\t<div id=\"text-3415752083\" class=\"text fontsize_54 color_black fontweight_500\">\n\t\t\n\n<h3>Un enfoque constante y orientado a objetivos<\/h3>\n\t\t\t<\/div>\n\t\n\t<div id=\"text-3998454797\" class=\"text fontsize_20 color_black fontweight_300\">\n\t\t\n\n<p data-start=\"3911\" data-end=\"3989\">La accesibilidad no es un punto de llegada, sino un proceso continuo. Por eso:<\/p>\n<ul data-start=\"3991\" data-end=\"4657\">\n<li data-start=\"3991\" data-end=\"4149\">\n<p data-start=\"3993\" data-end=\"4149\">dise\u00f1amos nuestras plantillas con especial atenci\u00f3n al contraste de colores, la jerarqu\u00eda del contenido y el uso de elementos coherentes y personalizables<\/p>\n<\/li>\n<li data-start=\"4150\" data-end=\"4271\">\n<p data-start=\"4152\" data-end=\"4271\">desarrollamos c\u00f3digo que garantiza el acceso mediante teclado, lectores de pantalla y otras tecnolog\u00edas de asistencia<\/p>\n<\/li>\n<li data-start=\"4272\" data-end=\"4380\">\n<p>nos comprometemos a proporcionar textos alternativos para las im\u00e1genes y transcripciones para los contenidos audiovisuales<\/p>\n<\/li>\n<li data-start=\"4381\" data-end=\"4547\">\n<p data-start=\"4383\" data-end=\"4547\">realizamos evaluaciones peri\u00f3dicas utilizando herramientas autom\u00e1ticas, auditor\u00edas externas y pruebas manuales para controlar el estado de accesibilidad del sitio<\/p>\n<\/li>\n<li data-start=\"4548\" data-end=\"4657\">\n<p data-start=\"4550\" data-end=\"4657\">integramos criterios de accesibilidad en el dise\u00f1o diario de contenidos digitales y herramientas internas<\/p>\n<\/li>\n<\/ul>\n<p data-start=\"4659\" data-end=\"4818\">Sabemos que algunas p\u00e1ginas pueden presentar problemas de accesibilidad en ocasiones, pero trabajamos continuamente para detectarlos y resolverlos con rapidez.<\/p>\n\t\t\t<\/div>\n\t\n\t<div id=\"gap-733607081\" class=\"gap-element clearfix\" style=\"display:block; height:auto;\">\n\t\t\n<style>\n#gap-733607081 {\n  padding-top: 8rem;\n}\n<\/style>\n\t<\/div>\n\t\n\n\t<div id=\"text-3046231490\" class=\"text fontsize_16 color_black\">\n\t\t\n\n<h2>FOMENTANDO UNA CULTURA CORPORATIVA INCLUSIVA<\/h2>\n\t\t\t<\/div>\n\t\n\t<div id=\"text-2427889699\" class=\"text fontsize_54 color_black fontweight_500\">\n\t\t\n\n<h3>La accesibilidad como parte de nuestra cultura<\/h3>\n\t\t\t<\/div>\n\t\n\t<div id=\"text-4213469650\" class=\"text fontsize_20 color_black fontweight_300\">\n\t\t\n\n<p data-start=\"4927\" data-end=\"5021\">La accesibilidad forma parte integral de nuestra visi\u00f3n de innovaci\u00f3n responsable e inclusiva.<\/p>\n<p data-start=\"5023\" data-end=\"5218\">Creemos que las empresas tienen un papel clave en la promoci\u00f3n de la igualdad de oportunidades y en la eliminaci\u00f3n de barreras \u2014 tanto digitales como f\u00edsicas \u2014 para las personas con discapacidad.<\/p>\n<p data-start=\"5220\" data-end=\"5446\">Nuestro compromiso va m\u00e1s all\u00e1 del sitio web: trabajamos cada d\u00eda para fomentar la autonom\u00eda de las personas, dentro y fuera de la empresa, integrando soluciones accesibles en nuestros procesos, productos y lugares de trabajo.<\/p>\n<p data-start=\"5448\" data-end=\"5607\">Italtel tambi\u00e9n se compromete a garantizar un entorno laboral inclusivo y accesible para su personal, promoviendo el uso de tecnolog\u00edas y pr\u00e1cticas accesibles.<\/p>\n\t\t\t<\/div>\n\t\n\t<div id=\"gap-506088918\" class=\"gap-element clearfix\" style=\"display:block; height:auto;\">\n\t\t\n<style>\n#gap-506088918 {\n  padding-top: 8rem;\n}\n<\/style>\n\t<\/div>\n\t\n\n\t<div id=\"text-2984517783\" class=\"text fontsize_16 color_black\">\n\t\t\n\n<h2>SOPORTE Y SOLICITUDES DE ACCESIBILIDAD<\/h2>\n\t\t\t<\/div>\n\t\n\t<div id=\"text-4006808450\" class=\"text fontsize_54 color_black fontweight_500\">\n\t\t\n\n<h3>C\u00f3mo informar de problemas o contactarnos<\/h3>\n\t\t\t<\/div>\n\t\n\t<div id=\"text-2880555209\" class=\"text fontsize_20 color_black fontweight_300\">\n\t\t\n\n<p>Si encuentra barreras o problemas relacionados con la accesibilidad, puede ponerse en contacto con nosotros escribiendo a:<br data-start=\"5827\" data-end=\"5830\" \/>\ud83d\udce7 <strong data-start=\"5833\" data-end=\"5862\"><a class=\"cursor-pointer\" href=\"mailto:accessibility@italtel.com\" rel=\"noopener\" data-start=\"5835\" data-end=\"5860\">accessibility@italtel.com<\/a><\/strong><\/p>\n\t\t\t<\/div>\n\t\n\n\t\t<\/div>\n\t\t\t\t\t<\/div>\n\n\t\n\n\n<style>\n#row-1811088032 > .col > .col-inner {\n  padding: 0px 0px 2rem 0px;\n}\n<\/style>\n<\/div>\n\n\t\t<\/div>\n\n\t\t\n<style>\n#section_1478714931 {\n  padding-top: 30px;\n  padding-bottom: 30px;\n}\n<\/style>\n\t<\/section>\n\t\n\t<div id=\"gap-1317410361\" class=\"gap-element clearfix\" style=\"display:block; height:auto;\">\n\t\t\n<style>\n#gap-1317410361 {\n  padding-top: 0rem;\n}\n<\/style>\n\t<\/div>\n\t\n\n\n","protected":false},"excerpt":{"rendered":"","protected":false},"author":6,"featured_media":0,"parent":0,"menu_order":0,"comment_status":"closed","ping_status":"closed","template":"page-blank.php","meta":{"footnotes":""},"class_list":["post-76394","page","type-page","status-publish","hentry"],"yoast_head":"<!-- This site is optimized with the Yoast SEO plugin v27.4 - https:\/\/yoast.com\/product\/yoast-seo-wordpress\/ -->\n<title>Accesibilidad - Italtel<\/title>\n<meta name=\"robots\" content=\"index, follow, max-snippet:-1, max-image-preview:large, max-video-preview:-1\" \/>\n<link rel=\"canonical\" href=\"https:\/\/www.italtel.com\/es\/accesibilidad\/\" \/>\n<meta property=\"og:locale\" content=\"es_ES\" \/>\n<meta property=\"og:type\" content=\"article\" \/>\n<meta property=\"og:title\" content=\"Accesibilidad - Italtel\" \/>\n<meta property=\"og:url\" content=\"https:\/\/www.italtel.com\/es\/accesibilidad\/\" \/>\n<meta property=\"og:site_name\" content=\"Italtel\" \/>\n<meta property=\"article:modified_time\" content=\"2025-07-25T08:20:58+00:00\" \/>\n<meta property=\"og:image\" content=\"https:\/\/www.italtel.com\/wp-content\/uploads\/2024\/11\/Italtel_logo.png\" \/>\n\t<meta property=\"og:image:width\" content=\"591\" \/>\n\t<meta property=\"og:image:height\" content=\"139\" \/>\n\t<meta property=\"og:image:type\" content=\"image\/png\" \/>\n<meta name=\"twitter:card\" content=\"summary_large_image\" \/>\n<meta name=\"twitter:site\" content=\"@Italtel\" \/>\n<meta name=\"twitter:label1\" content=\"Tiempo de lectura\" \/>\n\t<meta name=\"twitter:data1\" content=\"3 minutos\" \/>\n<script type=\"application\/ld+json\" class=\"yoast-schema-graph\">{\"@context\":\"https:\\\/\\\/schema.org\",\"@graph\":[{\"@type\":\"WebPage\",\"@id\":\"https:\\\/\\\/www.italtel.com\\\/es\\\/accesibilidad\\\/\",\"url\":\"https:\\\/\\\/www.italtel.com\\\/es\\\/accesibilidad\\\/\",\"name\":\"Accesibilidad - Italtel\",\"isPartOf\":{\"@id\":\"https:\\\/\\\/www.italtel.com\\\/de\\\/#website\"},\"datePublished\":\"2025-07-02T10:41:43+00:00\",\"dateModified\":\"2025-07-25T08:20:58+00:00\",\"breadcrumb\":{\"@id\":\"https:\\\/\\\/www.italtel.com\\\/es\\\/accesibilidad\\\/#breadcrumb\"},\"inLanguage\":\"es\",\"potentialAction\":[{\"@type\":\"ReadAction\",\"target\":[\"https:\\\/\\\/www.italtel.com\\\/es\\\/accesibilidad\\\/\"]}]},{\"@type\":\"BreadcrumbList\",\"@id\":\"https:\\\/\\\/www.italtel.com\\\/es\\\/accesibilidad\\\/#breadcrumb\",\"itemListElement\":[{\"@type\":\"ListItem\",\"position\":1,\"name\":\"Home\",\"item\":\"https:\\\/\\\/www.italtel.com\\\/es\\\/\"},{\"@type\":\"ListItem\",\"position\":2,\"name\":\"Accesibilidad\"}]},{\"@type\":\"WebSite\",\"@id\":\"https:\\\/\\\/www.italtel.com\\\/de\\\/#website\",\"url\":\"https:\\\/\\\/www.italtel.com\\\/de\\\/\",\"name\":\"Italtel\",\"description\":\"Italtel Group&#039;s company website\",\"publisher\":{\"@id\":\"https:\\\/\\\/www.italtel.com\\\/de\\\/#organization\"},\"potentialAction\":[{\"@type\":\"SearchAction\",\"target\":{\"@type\":\"EntryPoint\",\"urlTemplate\":\"https:\\\/\\\/www.italtel.com\\\/de\\\/?s={search_term_string}\"},\"query-input\":{\"@type\":\"PropertyValueSpecification\",\"valueRequired\":true,\"valueName\":\"search_term_string\"}}],\"inLanguage\":\"es\"},{\"@type\":\"Organization\",\"@id\":\"https:\\\/\\\/www.italtel.com\\\/de\\\/#organization\",\"name\":\"Italtel S.p.A.\",\"url\":\"https:\\\/\\\/www.italtel.com\\\/de\\\/\",\"logo\":{\"@type\":\"ImageObject\",\"inLanguage\":\"es\",\"@id\":\"https:\\\/\\\/www.italtel.com\\\/de\\\/#\\\/schema\\\/logo\\\/image\\\/\",\"url\":\"https:\\\/\\\/www.italtel.com\\\/wp-content\\\/uploads\\\/2024\\\/11\\\/Italtel_logo.png\",\"contentUrl\":\"https:\\\/\\\/www.italtel.com\\\/wp-content\\\/uploads\\\/2024\\\/11\\\/Italtel_logo.png\",\"width\":591,\"height\":139,\"caption\":\"Italtel S.p.A.\"},\"image\":{\"@id\":\"https:\\\/\\\/www.italtel.com\\\/de\\\/#\\\/schema\\\/logo\\\/image\\\/\"},\"sameAs\":[\"https:\\\/\\\/x.com\\\/Italtel\",\"https:\\\/\\\/www.linkedin.com\\\/company\\\/italtel\\\/\",\"https:\\\/\\\/www.instagram.com\\\/italtel_hq\\\/\"]}]}<\/script>\n<!-- \/ Yoast SEO plugin. -->","yoast_head_json":{"title":"Accesibilidad - Italtel","robots":{"index":"index","follow":"follow","max-snippet":"max-snippet:-1","max-image-preview":"max-image-preview:large","max-video-preview":"max-video-preview:-1"},"canonical":"https:\/\/www.italtel.com\/es\/accesibilidad\/","og_locale":"es_ES","og_type":"article","og_title":"Accesibilidad - Italtel","og_url":"https:\/\/www.italtel.com\/es\/accesibilidad\/","og_site_name":"Italtel","article_modified_time":"2025-07-25T08:20:58+00:00","og_image":[{"width":591,"height":139,"url":"https:\/\/www.italtel.com\/wp-content\/uploads\/2024\/11\/Italtel_logo.png","type":"image\/png"}],"twitter_card":"summary_large_image","twitter_site":"@Italtel","twitter_misc":{"Tiempo de lectura":"3 minutos"},"schema":{"@context":"https:\/\/schema.org","@graph":[{"@type":"WebPage","@id":"https:\/\/www.italtel.com\/es\/accesibilidad\/","url":"https:\/\/www.italtel.com\/es\/accesibilidad\/","name":"Accesibilidad - Italtel","isPartOf":{"@id":"https:\/\/www.italtel.com\/de\/#website"},"datePublished":"2025-07-02T10:41:43+00:00","dateModified":"2025-07-25T08:20:58+00:00","breadcrumb":{"@id":"https:\/\/www.italtel.com\/es\/accesibilidad\/#breadcrumb"},"inLanguage":"es","potentialAction":[{"@type":"ReadAction","target":["https:\/\/www.italtel.com\/es\/accesibilidad\/"]}]},{"@type":"BreadcrumbList","@id":"https:\/\/www.italtel.com\/es\/accesibilidad\/#breadcrumb","itemListElement":[{"@type":"ListItem","position":1,"name":"Home","item":"https:\/\/www.italtel.com\/es\/"},{"@type":"ListItem","position":2,"name":"Accesibilidad"}]},{"@type":"WebSite","@id":"https:\/\/www.italtel.com\/de\/#website","url":"https:\/\/www.italtel.com\/de\/","name":"Italtel","description":"Italtel Group&#039;s company website","publisher":{"@id":"https:\/\/www.italtel.com\/de\/#organization"},"potentialAction":[{"@type":"SearchAction","target":{"@type":"EntryPoint","urlTemplate":"https:\/\/www.italtel.com\/de\/?s={search_term_string}"},"query-input":{"@type":"PropertyValueSpecification","valueRequired":true,"valueName":"search_term_string"}}],"inLanguage":"es"},{"@type":"Organization","@id":"https:\/\/www.italtel.com\/de\/#organization","name":"Italtel S.p.A.","url":"https:\/\/www.italtel.com\/de\/","logo":{"@type":"ImageObject","inLanguage":"es","@id":"https:\/\/www.italtel.com\/de\/#\/schema\/logo\/image\/","url":"https:\/\/www.italtel.com\/wp-content\/uploads\/2024\/11\/Italtel_logo.png","contentUrl":"https:\/\/www.italtel.com\/wp-content\/uploads\/2024\/11\/Italtel_logo.png","width":591,"height":139,"caption":"Italtel S.p.A."},"image":{"@id":"https:\/\/www.italtel.com\/de\/#\/schema\/logo\/image\/"},"sameAs":["https:\/\/x.com\/Italtel","https:\/\/www.linkedin.com\/company\/italtel\/","https:\/\/www.instagram.com\/italtel_hq\/"]}]}},"_links":{"self":[{"href":"https:\/\/www.italtel.com\/es\/wp-json\/wp\/v2\/pages\/76394","targetHints":{"allow":["GET"]}}],"collection":[{"href":"https:\/\/www.italtel.com\/es\/wp-json\/wp\/v2\/pages"}],"about":[{"href":"https:\/\/www.italtel.com\/es\/wp-json\/wp\/v2\/types\/page"}],"author":[{"embeddable":true,"href":"https:\/\/www.italtel.com\/es\/wp-json\/wp\/v2\/users\/6"}],"replies":[{"embeddable":true,"href":"https:\/\/www.italtel.com\/es\/wp-json\/wp\/v2\/comments?post=76394"}],"version-history":[{"count":5,"href":"https:\/\/www.italtel.com\/es\/wp-json\/wp\/v2\/pages\/76394\/revisions"}],"predecessor-version":[{"id":76437,"href":"https:\/\/www.italtel.com\/es\/wp-json\/wp\/v2\/pages\/76394\/revisions\/76437"}],"wp:attachment":[{"href":"https:\/\/www.italtel.com\/es\/wp-json\/wp\/v2\/media?parent=76394"}],"curies":[{"name":"wp","href":"https:\/\/api.w.org\/{rel}","templated":true}]}}