{"id":78927,"date":"2025-10-10T10:01:58","date_gmt":"2025-10-10T08:01:58","guid":{"rendered":"https:\/\/www.italtel.com\/product-lifecycle\/"},"modified":"2026-03-13T11:37:43","modified_gmt":"2026-03-13T09:37:43","slug":"ciclo-de-vida-del-producto","status":"publish","type":"page","link":"https:\/\/www.italtel.com\/es\/ciclo-de-vida-del-producto\/","title":{"rendered":"Ciclo de vida del producto"},"content":{"rendered":"\n\n\t<section class=\"section herosection no_padding_section\" id=\"section_594672454\">\n\t\t<div class=\"section-bg fill\" >\n\t\t\t\t\t\t\t\t\t\n\t\t\t\n\n\t\t<\/div>\n\n\t\t\n\n\t\t<div class=\"section-content relative\">\n\t\t\t\n\n<div class=\"row\"  id=\"row-1511560444\">\n\n\n\t<div id=\"col-1277578922\" class=\"col small-12 large-12\"  >\n\t\t\t\t<div class=\"col-inner\"  >\n\t\t\t\n\t\t\t\n\n\n  <div class=\"banner has-hover borderradius_10\" id=\"banner-2128820808\">\n          <div class=\"banner-inner fill\">\n        <div class=\"banner-bg fill\" >\n            <img loading=\"lazy\" decoding=\"async\" width=\"2000\" height=\"944\" src=\"https:\/\/www.italtel.com\/wp-content\/uploads\/2024\/09\/ITALTEL_NETWORKS-AND-5G_BIG-MIDDLE-IMAGE.webp\" class=\"bg attachment-original size-original\" alt=\"\" \/>                                    \n                    <\/div>\n\t\t\n        <div class=\"banner-layers container\">\n            <div class=\"fill banner-link\"><\/div>            \n\n   <div id=\"text-box-243623182\" class=\"text-box banner-layer x5 md-x5 lg-x5 y50 md-y50 lg-y50 res-text\">\n                     <div data-animate=\"none\">           <div class=\"text-box-content text dark\">\n              \n              <div class=\"text-inner text-left\">\n                  \n\n<div class=\"row\"  id=\"row-201765966\">\n\n\n\t<div id=\"col-452336703\" class=\"col marginbottom_0 paddingbottom_0 small-12 large-12\"  >\n\t\t\t\t<div class=\"col-inner\"  >\n\t\t\t\n\t\t\t\n\n\t<div id=\"text-2548842989\" class=\"text fontweight_500 fontsize_70\">\n\t\t\n\n<h1>Ciclo de vida del producto<\/h1>\n\t\t\n<style>\n#text-2548842989 {\n  text-align: left;\n}\n<\/style>\n\t<\/div>\n\t\n\n\t\t<\/div>\n\t\t\t\t\t<\/div>\n\n\t\n\n<\/div>\n\n              <\/div>\n           <\/div>\n       <\/div>                     \n<style>\n#text-box-243623182 {\n  width: 60%;\n}\n#text-box-243623182 .text-box-content {\n  font-size: 100%;\n}\n<\/style>\n    <\/div>\n \n\n        <\/div>\n      <\/div>\n\n            \n<style>\n#banner-2128820808 {\n  padding-top: 40rem;\n}\n<\/style>\n  <\/div>\n\n\n\n\t\t<\/div>\n\t\t\t\t\t<\/div>\n\n\t\n\n<\/div>\n\t<div id=\"gap-623291117\" class=\"gap-element clearfix\" style=\"display:block; height:auto;\">\n\t\t\n<style>\n#gap-623291117 {\n  padding-top: 0rem;\n}\n@media (min-width:550px) {\n  #gap-623291117 {\n    padding-top: 6rem;\n  }\n}\n<\/style>\n\t<\/div>\n\t\n\n<div class=\"row\"  id=\"row-1370845431\">\n\n\n\t<div id=\"col-1366023519\" class=\"col small-12 large-12\"  >\n\t\t\t\t<div class=\"col-inner\"  >\n\t\t\t\n\t\t\t\n\n\n\t\t<div class=\"tabbed-content policy_tab_cont\">\n\t\t\t\n\t\t\t<ul class=\"nav nav-simple nav-vertical nav-normal nav-size-normal nav-left\" role=\"tablist\"><li id=\"tab-eol-policy\" class=\"tab active has-icon\" role=\"presentation\"><a href=\"#tab_eol-policy\" role=\"tab\" aria-selected=\"true\" aria-controls=\"tab_eol-policy\"><span>EoL Policy<\/span><\/a><\/li>\n<li id=\"tab-i-mcs\" class=\"tab has-icon\" role=\"presentation\"><a href=\"#tab_i-mcs\" tabindex=\"-1\" role=\"tab\" aria-selected=\"false\" aria-controls=\"tab_i-mcs\"><span>i-MCS<\/span><\/a><\/li>\n<li id=\"tab-i-nem\" class=\"tab has-icon\" role=\"presentation\"><a href=\"#tab_i-nem\" tabindex=\"-1\" role=\"tab\" aria-selected=\"false\" aria-controls=\"tab_i-nem\"><span>i-NEM<\/span><\/a><\/li>\n<li id=\"tab-i-rps\" class=\"tab has-icon\" role=\"presentation\"><a href=\"#tab_i-rps\" tabindex=\"-1\" role=\"tab\" aria-selected=\"false\" aria-controls=\"tab_i-rps\"><span>i-RPS<\/span><\/a><\/li>\n<li id=\"tab-i-tds\" class=\"tab has-icon\" role=\"presentation\"><a href=\"#tab_i-tds\" tabindex=\"-1\" role=\"tab\" aria-selected=\"false\" aria-controls=\"tab_i-tds\"><span>i-TDS<\/span><\/a><\/li>\n<li id=\"tab-netmatch\" class=\"tab has-icon\" role=\"presentation\"><a href=\"#tab_netmatch\" tabindex=\"-1\" role=\"tab\" aria-selected=\"false\" aria-controls=\"tab_netmatch\"><span>NetMatch<\/span><\/a><\/li>\n<li id=\"tab-i-pharos\" class=\"tab has-icon\" role=\"presentation\"><a href=\"#tab_i-pharos\" tabindex=\"-1\" role=\"tab\" aria-selected=\"false\" aria-controls=\"tab_i-pharos\"><span>i-Pharos<\/span><\/a><\/li>\n<li id=\"tab-embrace\" class=\"tab has-icon\" role=\"presentation\"><a href=\"#tab_embrace\" tabindex=\"-1\" role=\"tab\" aria-selected=\"false\" aria-controls=\"tab_embrace\"><span>Embrace<\/span><\/a><\/li><\/ul><div class=\"tab-panels\"><div id=\"tab_eol-policy\" class=\"panel active entry-content\" role=\"tabpanel\" aria-labelledby=\"tab-eol-policy\">\n\n<p data-start=\"1196\" data-end=\"1619\">Italtel cuida de sus clientes durante todo el Ciclo de Vida del Producto y responde r\u00e1pidamente a las demandas del mercado en t\u00e9rminos de innovaci\u00f3n tecnol\u00f3gica.<\/p>\n<p data-start=\"1196\" data-end=\"1619\">En este camino, Italtel est\u00e1 cerca del cliente y le ayuda a elegir la mejor manera de mejorar su red. Por lo tanto, una fase significativa del Ciclo de Vida del Producto es la fase final. Por esta raz\u00f3n, Italtel defini\u00f3 una Pol\u00edtica de Fin de Vida del Producto.<\/p>\n<p data-start=\"1621\" data-end=\"1698\">La Pol\u00edtica prev\u00e9 un Aviso de Fin de Vida que contiene las siguientes fechas:<\/p>\n<p data-start=\"1700\" data-end=\"1716\"><strong data-start=\"1700\" data-end=\"1716\">Fin de venta<\/strong><\/p>\n<p data-start=\"1718\" data-end=\"1961\">Despu\u00e9s de esta fecha, el producto afectado ya no estar\u00e1 disponible para la venta. Esta tambi\u00e9n es la \u00faltima fecha para hacer pedidos del producto. La fecha de fin de venta se establece <strong data-start=\"1904\" data-end=\"1915\">6 meses<\/strong> despu\u00e9s de la fecha del Aviso de Fin de Vida.<\/p>\n<p data-start=\"1963\" data-end=\"1987\"><strong data-start=\"1963\" data-end=\"1987\">Fin de Soporte (EOS)<\/strong><\/p>\n<p data-start=\"1989\" data-end=\"2328\">Despu\u00e9s de esta fecha, todos los servicios de soporte dejar\u00e1n de estar disponibles para el producto afectado. La fecha de fin de soporte se establece <strong data-start=\"2139\" data-end=\"2151\">18 meses<\/strong> despu\u00e9s de la fecha de fin de venta. Despu\u00e9s de la fecha de fin de soporte, el producto se vuelve obsoleto.<\/p>\n<p data-start=\"1989\" data-end=\"2328\">Estos plazos pueden reducirse debido a restricciones tecnol\u00f3gicas.<\/p>\n\t<div id=\"gap-1203213895\" class=\"gap-element clearfix\" style=\"display:block; height:auto;\">\n\t\t\n<style>\n#gap-1203213895 {\n  padding-top: 4rem;\n}\n<\/style>\n\t<\/div>\n\t\n\n<a href=\"https:\/\/www.italtel.com\/wp-content\/uploads\/2024\/08\/Italtel_EoL-Policy_20201026.pdf\" target=\"_blank\" class=\"button primary company_button fontsize_18 fontweight_500\" rel=\"noopener\" style=\"border-radius:99px;\">\n\t\t<span>FA\u00c7A O DOWNLOAD DA POL\u00cdTICA DE FIM DE VIDA (EOL)<\/span>\n\t<\/a>\n\n\n\n<\/div>\n<div id=\"tab_i-mcs\" class=\"panel entry-content\" role=\"tabpanel\" aria-labelledby=\"tab-i-mcs\">\n\n<h2>i-MCS<\/h2>\n<p><strong>Announcement 2025<\/strong><\/p>\n<p><a href=\"https:\/\/www.italtel.com\/wp-content\/uploads\/2025\/04\/ProductEOLnotice001-2025_i-MCS-NFV_SW-20250414.pdf\" target=\"_blank\" rel=\"noopener\">\u2b73 i-MCS-NFV 10.x.y, 11.x.y, 12.x.y, 13.x.y, 14.x.y,<\/a><\/p>\n<p><strong>Announcement 2024<\/strong><\/p>\n<p><a href=\"https:\/\/www.italtel.com\/wp-content\/uploads\/2024\/12\/ProductEOLnotice001-2024_i-MCS-NP_SW-20241218.pdf\" target=\"_blank\" rel=\"noopener\">\u2b73 i-MCS-NP 3.x, 4x, 5x, 6x,7x, 8x, 9x,10x,11x <\/a><\/p>\n\n<\/div>\n<div id=\"tab_i-nem\" class=\"panel entry-content\" role=\"tabpanel\" aria-labelledby=\"tab-i-nem\">\n\n<h2>i-NEM<\/h2>\n<p><strong>Announcement 2025<\/strong><\/p>\n<p><a href=\"https:\/\/www.italtel.com\/wp-content\/uploads\/2025\/11\/ProductEOLnotice001-2025_i-NEM_SW-20250526-errata-corrige-20251103.pdf\" target=\"_blank\" rel=\"noopener\">\u2b73 i-NEM up to 12x, 13x<\/a><\/p>\n<p><strong>Announcement 2023<\/strong><\/p>\n<p><a href=\"https:\/\/www.italtel.com\/wp-content\/uploads\/2024\/09\/ProductEOLnotice001-2023_i-NEM_SW-20230621.pdf\" target=\"_blank\" rel=\"noopener\">\u2b73 i-NEM Main view, FM GUI, Red Hat 5c, Oracle 10x<\/a><\/p>\n\n<\/div>\n<div id=\"tab_i-rps\" class=\"panel entry-content\" role=\"tabpanel\" aria-labelledby=\"tab-i-rps\">\n\n<h2>i-RPS<\/h2>\n<p><strong>Announcement 2023<\/strong><\/p>\n<p><a href=\"https:\/\/www.italtel.com\/wp-content\/uploads\/2024\/09\/ProductEOLnotice001-2023_i-RPS-20230901.pdf\" target=\"_blank\" rel=\"noopener\">\u2b73 i-RPS only virtualized version up to Release 11.xi-RPS<\/a><\/p>\n<div class=\"x_elementToProof\" data-ogsc=\"rgb(0, 0, 0)\">\u00a0<\/div>\n\n<\/div>\n<div id=\"tab_i-tds\" class=\"panel entry-content\" role=\"tabpanel\" aria-labelledby=\"tab-i-tds\">\n\n<h2>i-TDS<\/h2>\n<div class=\"x_elementToProof\" data-ogsc=\"rgb(0, 0, 0)\">\n<p><strong>Announcements 2025<\/strong><\/p>\n<p><a href=\"https:\/\/www.italtel.com\/wp-content\/uploads\/2024\/12\/ProductEOLnotice001-2024_i-TDS_SW-20241218.pdf\" target=\"_blank\" rel=\"noopener\">\u2b73 i-TDS 4.x,5.x,6.x,7.x, 8.x,9.x,10.x,11.x,12.x<\/a><\/p>\n<p><strong>Announcements 2022<\/strong><\/p>\n<p><a href=\"https:\/\/www.italtel.com\/wp-content\/uploads\/2024\/09\/ProductEOLnotice001-2022_iTDS-S_SW-20220731.pdf\" target=\"_blank\" rel=\"noopener\">\u2b73 i-TDS 4.1<\/a><\/p>\n<\/div>\n\n<\/div>\n<div id=\"tab_netmatch\" class=\"panel entry-content\" role=\"tabpanel\" aria-labelledby=\"tab-netmatch\">\n\n<h2>NetMatch<\/h2>\n<p><strong>Announcement 2026<\/strong><\/p>\n<p><a href=\"https:\/\/www.italtel.com\/wp-content\/uploads\/2026\/03\/ProductEOLnotice001-2026_NetMatch-S_SW-Rel-5.9-1.pdf\" target=\"_blank\" rel=\"noopener\">\u2b73 NetMatch-S CI 5.9<\/a><\/p>\n<p><strong>Announcement 2024<\/strong><\/p>\n<p><a href=\"https:\/\/www.italtel.com\/wp-content\/uploads\/2024\/08\/ProductEOLnotice001-2024_NetMatch-S_SW-20240122.pdf\" target=\"_blank\" rel=\"noopener\">\u2b73 NetMatch-S CI 5.7<\/a><\/p>\n<p><a href=\"https:\/\/www.italtel.com\/wp-content\/uploads\/2024\/08\/ProductEOLnotice002-2024_NetMatch-S_SW-20240723.pdf\" target=\"_blank\" rel=\"noopener\">\u2b73 NetMatch-S CI 5.8<\/a><\/p>\n<p><strong>Announcement 2023<\/strong><\/p>\n<p><a href=\"https:\/\/www.italtel.com\/wp-content\/uploads\/2024\/09\/ProductEOLnotice004-2023_NetMatch-S_SW-20231124-1-1.pdf\" target=\"_blank\" rel=\"noopener\">\u2b73 NetMatch\u2013S CI 5.6<\/a><\/p>\n<p><a href=\"https:\/\/www.italtel.com\/wp-content\/uploads\/2024\/09\/ProductEOLnotice003-2023_NetMatch-S_SW-20230704.pdf\" target=\"_blank\" rel=\"noopener\">\u2b73 NetMatch\u2013S CI 5.5<\/a><\/p>\n<p><a href=\"https:\/\/www.italtel.com\/wp-content\/uploads\/2024\/09\/ProductEOLnotice001-2023_NetMatch_M.pdf\" target=\"_blank\" rel=\"noopener\">\u2b73 NetMatch\u2013M2 (all releases)<\/a><\/p>\n<p><strong>Announcements 2022<\/strong><\/p>\n<p><a href=\"https:\/\/www.italtel.com\/wp-content\/uploads\/2024\/09\/ProductEOLnotice001-2022_NetMatch-S_SW-20220601.pdf\" target=\"_blank\" rel=\"noopener\">\u2b73 NetMatch-S LE 2.8.x and 2.9.x<\/a><\/p>\n<p><strong>Announcements 2021<\/strong><\/p>\n<p><a href=\"https:\/\/www.italtel.com\/wp-content\/uploads\/2024\/09\/ProductEOLnotice001-2021_NetMatch-S_SW-20210429-1.pdf\" target=\"_blank\" rel=\"noopener\">\u2b73 NetMatch-S LE 2.7.x<\/a><\/p>\n<p><strong>Announcements 2020<\/strong><\/p>\n<p><a href=\"https:\/\/www.italtel.com\/wp-content\/uploads\/2024\/09\/ProductEOLnotice001-2020_NetMatch-S_SW-20200527.pdf\" target=\"_blank\" rel=\"noopener\">\u2b73 NetMatch\u2013S LE 2.6.x<\/a><\/p>\n\n<\/div>\n<div id=\"tab_i-pharos\" class=\"panel entry-content\" role=\"tabpanel\" aria-labelledby=\"tab-i-pharos\">\n\n<h2>i-Pharos<\/h2>\n<p><strong>Announcement 2026<\/strong><\/p>\n<p>\u2b73 No announcements<\/p>\n\n<\/div>\n<div id=\"tab_embrace\" class=\"panel entry-content\" role=\"tabpanel\" aria-labelledby=\"tab-embrace\">\n\n<h2>Embrace<\/h2>\n<p><strong>Announcement 2026<\/strong><\/p>\n<p>\u2b73 No announcements<\/p>\n\n<\/div><\/div><\/div>\n\n\t\t<\/div>\n\t\t\t\t\t<\/div>\n\n\t\n\n<\/div>\n\n\t\t<\/div>\n\n\t\t\n<style>\n#section_594672454 {\n  padding-top: 0px;\n  padding-bottom: 0px;\n}\n<\/style>\n\t<\/section>\n\t\n\n","protected":false},"excerpt":{"rendered":"","protected":false},"author":6,"featured_media":0,"parent":0,"menu_order":0,"comment_status":"closed","ping_status":"closed","template":"page-blank.php","meta":{"footnotes":""},"class_list":["post-78927","page","type-page","status-publish","hentry"],"yoast_head":"<!-- This site is optimized with the Yoast SEO plugin v27.4 - https:\/\/yoast.com\/product\/yoast-seo-wordpress\/ -->\n<title>Ciclo de vida del producto - Italtel<\/title>\n<meta name=\"robots\" content=\"index, follow, max-snippet:-1, max-image-preview:large, max-video-preview:-1\" \/>\n<link rel=\"canonical\" href=\"https:\/\/www.italtel.com\/es\/ciclo-de-vida-del-producto\/\" \/>\n<meta property=\"og:locale\" content=\"es_ES\" \/>\n<meta property=\"og:type\" content=\"article\" \/>\n<meta property=\"og:title\" content=\"Ciclo de vida del producto - Italtel\" \/>\n<meta property=\"og:url\" content=\"https:\/\/www.italtel.com\/es\/ciclo-de-vida-del-producto\/\" \/>\n<meta property=\"og:site_name\" content=\"Italtel\" \/>\n<meta property=\"article:modified_time\" content=\"2026-03-13T09:37:43+00:00\" \/>\n<meta property=\"og:image\" content=\"https:\/\/www.italtel.com\/wp-content\/uploads\/2024\/11\/Italtel_logo.png\" \/>\n\t<meta property=\"og:image:width\" content=\"591\" \/>\n\t<meta property=\"og:image:height\" content=\"139\" \/>\n\t<meta property=\"og:image:type\" content=\"image\/png\" \/>\n<meta name=\"twitter:card\" content=\"summary_large_image\" \/>\n<meta name=\"twitter:site\" content=\"@Italtel\" \/>\n<meta name=\"twitter:label1\" content=\"Tiempo de lectura\" \/>\n\t<meta name=\"twitter:data1\" content=\"2 minutos\" \/>\n<script type=\"application\/ld+json\" class=\"yoast-schema-graph\">{\"@context\":\"https:\\\/\\\/schema.org\",\"@graph\":[{\"@type\":\"WebPage\",\"@id\":\"https:\\\/\\\/www.italtel.com\\\/es\\\/ciclo-de-vida-del-producto\\\/\",\"url\":\"https:\\\/\\\/www.italtel.com\\\/es\\\/ciclo-de-vida-del-producto\\\/\",\"name\":\"Ciclo de vida del producto - Italtel\",\"isPartOf\":{\"@id\":\"https:\\\/\\\/www.italtel.com\\\/de\\\/#website\"},\"datePublished\":\"2025-10-10T08:01:58+00:00\",\"dateModified\":\"2026-03-13T09:37:43+00:00\",\"breadcrumb\":{\"@id\":\"https:\\\/\\\/www.italtel.com\\\/es\\\/ciclo-de-vida-del-producto\\\/#breadcrumb\"},\"inLanguage\":\"es\",\"potentialAction\":[{\"@type\":\"ReadAction\",\"target\":[\"https:\\\/\\\/www.italtel.com\\\/es\\\/ciclo-de-vida-del-producto\\\/\"]}]},{\"@type\":\"BreadcrumbList\",\"@id\":\"https:\\\/\\\/www.italtel.com\\\/es\\\/ciclo-de-vida-del-producto\\\/#breadcrumb\",\"itemListElement\":[{\"@type\":\"ListItem\",\"position\":1,\"name\":\"Home\",\"item\":\"https:\\\/\\\/www.italtel.com\\\/es\\\/\"},{\"@type\":\"ListItem\",\"position\":2,\"name\":\"Ciclo de vida del producto\"}]},{\"@type\":\"WebSite\",\"@id\":\"https:\\\/\\\/www.italtel.com\\\/de\\\/#website\",\"url\":\"https:\\\/\\\/www.italtel.com\\\/de\\\/\",\"name\":\"Italtel\",\"description\":\"Italtel Group&#039;s company website\",\"publisher\":{\"@id\":\"https:\\\/\\\/www.italtel.com\\\/de\\\/#organization\"},\"potentialAction\":[{\"@type\":\"SearchAction\",\"target\":{\"@type\":\"EntryPoint\",\"urlTemplate\":\"https:\\\/\\\/www.italtel.com\\\/de\\\/?s={search_term_string}\"},\"query-input\":{\"@type\":\"PropertyValueSpecification\",\"valueRequired\":true,\"valueName\":\"search_term_string\"}}],\"inLanguage\":\"es\"},{\"@type\":\"Organization\",\"@id\":\"https:\\\/\\\/www.italtel.com\\\/de\\\/#organization\",\"name\":\"Italtel S.p.A.\",\"url\":\"https:\\\/\\\/www.italtel.com\\\/de\\\/\",\"logo\":{\"@type\":\"ImageObject\",\"inLanguage\":\"es\",\"@id\":\"https:\\\/\\\/www.italtel.com\\\/de\\\/#\\\/schema\\\/logo\\\/image\\\/\",\"url\":\"https:\\\/\\\/www.italtel.com\\\/wp-content\\\/uploads\\\/2024\\\/11\\\/Italtel_logo.png\",\"contentUrl\":\"https:\\\/\\\/www.italtel.com\\\/wp-content\\\/uploads\\\/2024\\\/11\\\/Italtel_logo.png\",\"width\":591,\"height\":139,\"caption\":\"Italtel S.p.A.\"},\"image\":{\"@id\":\"https:\\\/\\\/www.italtel.com\\\/de\\\/#\\\/schema\\\/logo\\\/image\\\/\"},\"sameAs\":[\"https:\\\/\\\/x.com\\\/Italtel\",\"https:\\\/\\\/www.linkedin.com\\\/company\\\/italtel\\\/\",\"https:\\\/\\\/www.instagram.com\\\/italtel_hq\\\/\"]}]}<\/script>\n<!-- \/ Yoast SEO plugin. -->","yoast_head_json":{"title":"Ciclo de vida del producto - Italtel","robots":{"index":"index","follow":"follow","max-snippet":"max-snippet:-1","max-image-preview":"max-image-preview:large","max-video-preview":"max-video-preview:-1"},"canonical":"https:\/\/www.italtel.com\/es\/ciclo-de-vida-del-producto\/","og_locale":"es_ES","og_type":"article","og_title":"Ciclo de vida del producto - Italtel","og_url":"https:\/\/www.italtel.com\/es\/ciclo-de-vida-del-producto\/","og_site_name":"Italtel","article_modified_time":"2026-03-13T09:37:43+00:00","og_image":[{"width":591,"height":139,"url":"https:\/\/www.italtel.com\/wp-content\/uploads\/2024\/11\/Italtel_logo.png","type":"image\/png"}],"twitter_card":"summary_large_image","twitter_site":"@Italtel","twitter_misc":{"Tiempo de lectura":"2 minutos"},"schema":{"@context":"https:\/\/schema.org","@graph":[{"@type":"WebPage","@id":"https:\/\/www.italtel.com\/es\/ciclo-de-vida-del-producto\/","url":"https:\/\/www.italtel.com\/es\/ciclo-de-vida-del-producto\/","name":"Ciclo de vida del producto - Italtel","isPartOf":{"@id":"https:\/\/www.italtel.com\/de\/#website"},"datePublished":"2025-10-10T08:01:58+00:00","dateModified":"2026-03-13T09:37:43+00:00","breadcrumb":{"@id":"https:\/\/www.italtel.com\/es\/ciclo-de-vida-del-producto\/#breadcrumb"},"inLanguage":"es","potentialAction":[{"@type":"ReadAction","target":["https:\/\/www.italtel.com\/es\/ciclo-de-vida-del-producto\/"]}]},{"@type":"BreadcrumbList","@id":"https:\/\/www.italtel.com\/es\/ciclo-de-vida-del-producto\/#breadcrumb","itemListElement":[{"@type":"ListItem","position":1,"name":"Home","item":"https:\/\/www.italtel.com\/es\/"},{"@type":"ListItem","position":2,"name":"Ciclo de vida del producto"}]},{"@type":"WebSite","@id":"https:\/\/www.italtel.com\/de\/#website","url":"https:\/\/www.italtel.com\/de\/","name":"Italtel","description":"Italtel Group&#039;s company website","publisher":{"@id":"https:\/\/www.italtel.com\/de\/#organization"},"potentialAction":[{"@type":"SearchAction","target":{"@type":"EntryPoint","urlTemplate":"https:\/\/www.italtel.com\/de\/?s={search_term_string}"},"query-input":{"@type":"PropertyValueSpecification","valueRequired":true,"valueName":"search_term_string"}}],"inLanguage":"es"},{"@type":"Organization","@id":"https:\/\/www.italtel.com\/de\/#organization","name":"Italtel S.p.A.","url":"https:\/\/www.italtel.com\/de\/","logo":{"@type":"ImageObject","inLanguage":"es","@id":"https:\/\/www.italtel.com\/de\/#\/schema\/logo\/image\/","url":"https:\/\/www.italtel.com\/wp-content\/uploads\/2024\/11\/Italtel_logo.png","contentUrl":"https:\/\/www.italtel.com\/wp-content\/uploads\/2024\/11\/Italtel_logo.png","width":591,"height":139,"caption":"Italtel S.p.A."},"image":{"@id":"https:\/\/www.italtel.com\/de\/#\/schema\/logo\/image\/"},"sameAs":["https:\/\/x.com\/Italtel","https:\/\/www.linkedin.com\/company\/italtel\/","https:\/\/www.instagram.com\/italtel_hq\/"]}]}},"_links":{"self":[{"href":"https:\/\/www.italtel.com\/es\/wp-json\/wp\/v2\/pages\/78927","targetHints":{"allow":["GET"]}}],"collection":[{"href":"https:\/\/www.italtel.com\/es\/wp-json\/wp\/v2\/pages"}],"about":[{"href":"https:\/\/www.italtel.com\/es\/wp-json\/wp\/v2\/types\/page"}],"author":[{"embeddable":true,"href":"https:\/\/www.italtel.com\/es\/wp-json\/wp\/v2\/users\/6"}],"replies":[{"embeddable":true,"href":"https:\/\/www.italtel.com\/es\/wp-json\/wp\/v2\/comments?post=78927"}],"version-history":[{"count":11,"href":"https:\/\/www.italtel.com\/es\/wp-json\/wp\/v2\/pages\/78927\/revisions"}],"predecessor-version":[{"id":81281,"href":"https:\/\/www.italtel.com\/es\/wp-json\/wp\/v2\/pages\/78927\/revisions\/81281"}],"wp:attachment":[{"href":"https:\/\/www.italtel.com\/es\/wp-json\/wp\/v2\/media?parent=78927"}],"curies":[{"name":"wp","href":"https:\/\/api.w.org\/{rel}","templated":true}]}}