{"id":80250,"date":"2026-01-16T11:43:35","date_gmt":"2026-01-16T09:43:35","guid":{"rendered":"https:\/\/www.italtel.com\/?page_id=80250"},"modified":"2026-01-22T12:40:25","modified_gmt":"2026-01-22T10:40:25","slug":"watchedge","status":"publish","type":"page","link":"https:\/\/www.italtel.com\/it\/watchedge\/","title":{"rendered":"WatchEDGE"},"content":{"rendered":"\n\n\t<section class=\"section herosection home no_padding_section\" id=\"section_1373684992\">\n\t\t<div class=\"section-bg fill\" >\n\t\t\t\t\t\t\t\t\t\n\t\t\t\n\n\t\t<\/div>\n\n\t\t\n\n\t\t<div class=\"section-content relative\">\n\t\t\t\n\n<div class=\"row row-small\"  id=\"row-1938604453\">\n\n\n\t<div id=\"col-816790940\" class=\"col paddingbottom_0 small-12 large-12\"  data-animate=\"fadeInUp\">\n\t\t\t\t<div class=\"col-inner\"  >\n\t\t\t\n\t\t\t\n\n\n  <div class=\"banner has-hover borderradius_10 has-parallax\" id=\"banner-1196538632\">\n          <div class=\"banner-inner fill\">\n        <div class=\"banner-bg fill\" data-parallax=\"-3\" data-parallax-container=\".banner\" data-parallax-background>\n            <img loading=\"lazy\" decoding=\"async\" width=\"2560\" height=\"1440\" src=\"https:\/\/www.italtel.com\/wp-content\/uploads\/2025\/05\/drone-e-cinghiale-copia-scaled.webp\" class=\"bg attachment-original size-original\" alt=\"drone e cinghiale in pineta\" \/>                                    \n                    <\/div>\n\t\t\n        <div class=\"banner-layers container\">\n            <div class=\"fill banner-link\"><\/div>            \n\n   <div id=\"text-box-1094664191\" class=\"text-box banner-layer x5 md-x5 lg-x5 y50 md-y50 lg-y50 res-text\">\n                     <div data-animate=\"none\">           <div class=\"text-box-content text dark\">\n              \n              <div class=\"text-inner text-left\">\n                  \n\n<div class=\"row\"  id=\"row-1717239204\">\n\n\n\t<div id=\"col-1577139613\" class=\"col marginbottom_0 paddingbottom_0 small-12 large-12\"  >\n\t\t\t\t<div class=\"col-inner\"  >\n\t\t\t\n\t\t\t\n\n\t<div id=\"text-3560713592\" class=\"text fontweight_500 fontsize_70\">\n\t\t\n\n<h3>WatchEDGE<\/h3>\n\t\t\n<style>\n#text-3560713592 {\n  text-align: left;\n}\n<\/style>\n\t<\/div>\n\t\n\t<div id=\"text-1625103363\" class=\"text fontweight_300 fontsize_30\">\n\t\t\n\n<h3>Dati ambientali che diventano decisioni intelligenti, dal campo al cloud<\/h3>\n\t\t\n<style>\n#text-1625103363 {\n  text-align: left;\n}\n<\/style>\n\t<\/div>\n\t\n\n\t\t<\/div>\n\t\t\t\t\t<\/div>\n\n\t\n\n<\/div>\n\n              <\/div>\n           <\/div>\n       <\/div>                     \n<style>\n#text-box-1094664191 {\n  width: 60%;\n}\n#text-box-1094664191 .text-box-content {\n  font-size: 100%;\n}\n<\/style>\n    <\/div>\n \n\n        <\/div>\n      <\/div>\n\n            \n<style>\n#banner-1196538632 {\n  padding-top: 65rem;\n}\n#banner-1196538632 .banner-bg img {\n  object-position: 69% 0%;\n}\n<\/style>\n  <\/div>\n\n\n\n\t\t<\/div>\n\t\t\t\t\t<\/div>\n\n\t\n\n<\/div>\n\n\t\t<\/div>\n\n\t\t\n<style>\n#section_1373684992 {\n  padding-top: 0px;\n  padding-bottom: 0px;\n}\n<\/style>\n\t<\/section>\n\t\n\n\t<section class=\"section sustainability_section\" id=\"section_648145392\">\n\t\t<div class=\"section-bg fill\" >\n\t\t\t\t\t\t\t\t\t\n\t\t\t\n\n\t\t<\/div>\n\n\t\t\n\n\t\t<div class=\"section-content relative\">\n\t\t\t\n\n<div class=\"row row-small\"  id=\"row-1486996466\">\n\n\n\t<div id=\"col-684837129\" class=\"col medium-8 small-12 large-8\"  >\n\t\t\t\t<div class=\"col-inner\"  >\n\t\t\t\n\t\t\t\n\n\t<div id=\"text-3828592425\" class=\"text fontsize_16 color_black\">\n\t\t\n\n<h2>IL PROGETTO WATCHEDGE<\/h2>\n\t\t\t<\/div>\n\t\n\t<div id=\"text-2552256880\" class=\"text fontsize_54 color_black fontweight_500\">\n\t\t\n\n<h3>Monitoraggio ambientale evoluto con edge computing e AI<\/h3>\n\t\t\t<\/div>\n\t\n\t<div id=\"text-2388224093\" class=\"text fontsize_20 color_black fontweight_300\">\n\t\t\n\n<p data-start=\"424\" data-end=\"829\">WatchEDGE nasce con l\u2019obiettivo di sviluppare nuovi modelli di monitoraggio ambientale e territoriale basati su architetture digitali avanzate, edge computing e intelligenza artificiale. Il progetto mira a supportare l\u2019osservazione e la gestione degli ecosistemi attraverso un uso pi\u00f9 efficiente e intelligente dei dati, trasformando informazioni grezze in conoscenza operativa a supporto delle decisioni.<\/p>\n\t\t\t<\/div>\n\t\n\t<div id=\"gap-1261320967\" class=\"gap-element clearfix\" style=\"display:block; height:auto;\">\n\t\t\n<style>\n#gap-1261320967 {\n  padding-top: 8rem;\n}\n<\/style>\n\t<\/div>\n\t\n\n\t<div id=\"text-3109731348\" class=\"text fontsize_16 color_black\">\n\t\t\n\n<h2>LA VISIONE<\/h2>\n\t\t\t<\/div>\n\t\n\t<div id=\"text-737998489\" class=\"text fontsize_54 color_black fontweight_500\">\n\t\t\n\n<h3>Dall&#8217;acquisizione al valore informativo del dato all&#8217;edge<\/h3>\n\t\t\t<\/div>\n\t\n\t<div id=\"text-953620926\" class=\"text fontsize_20 color_black fontweight_300\">\n\t\t\n\n<p data-start=\"901\" data-end=\"1281\">WatchEDGE esplora come reti intelligenti e sistemi di elaborazione distribuita possano abilitare un nuovo paradigma di gestione dei dati ambientali. L\u2019elaborazione in prossimit\u00e0 delle fonti consente di ridurre latenza, ottimizzare l\u2019uso delle risorse di rete e rendere disponibili informazioni affidabili in tempi rapidi, anche in contesti complessi e geograficamente distribuiti.<\/p>\n\t\t\t<\/div>\n\t\n\t<div id=\"gap-1860727274\" class=\"gap-element clearfix\" style=\"display:block; height:auto;\">\n\t\t\n<style>\n#gap-1860727274 {\n  padding-top: 8rem;\n}\n<\/style>\n\t<\/div>\n\t\n\n\t<div id=\"text-192768914\" class=\"text fontsize_16 color_black\">\n\t\t\n\n<h2>IL CONTRIBUTO DI ITALTEL<\/h2>\n\t\t\t<\/div>\n\t\n\t<div id=\"text-1222370567\" class=\"text fontsize_54 color_black fontweight_500\">\n\t\t\n\n<h3>Un\u2019infrastruttura digitale end-to-end<\/h3>\n\t\t\t<\/div>\n\t\n\t<div id=\"text-532138205\" class=\"text fontsize_20 color_black fontweight_300\">\n\t\t\n\n<p data-start=\"1362\" data-end=\"1716\">All\u2019interno di WatchEDGE, Italtel mette a disposizione competenze e soluzioni per la progettazione e l\u2019integrazione dell\u2019infrastruttura digitale abilitante. Il contributo si colloca lungo l\u2019intera catena del dato, dall\u2019acquisizione sul campo fino alla valorizzazione delle informazioni, garantendo coerenza architetturale, interoperabilit\u00e0 e scalabilit\u00e0.<\/p>\n\t\t\t<\/div>\n\t\n\t<div id=\"gap-1629448913\" class=\"gap-element clearfix\" style=\"display:block; height:auto;\">\n\t\t\n<style>\n#gap-1629448913 {\n  padding-top: 8rem;\n}\n<\/style>\n\t<\/div>\n\t\n\n\t<div id=\"text-2427827278\" class=\"text fontsize_16 color_black\">\n\t\t\n\n<h2>LE COMPONENTI CHIAVE DELLA SOLUZIONE<\/h2>\n\t\t\t<\/div>\n\t\n\t<div id=\"text-3567957089\" class=\"text fontsize_54 color_black fontweight_500\">\n\t\t\n\n<h3>Edge, dati e interoperabilit\u00e0 al centro<\/h3>\n\t\t\t<\/div>\n\t\n\t<div id=\"text-4111007009\" class=\"text fontsize_20 color_black fontweight_300\">\n\t\t\n\n<p data-start=\"1811\" data-end=\"1881\">Il contributo di Italtel si articola su quattro elementi fondamentali:<\/p>\n<ul data-start=\"1883\" data-end=\"2497\">\n<li data-start=\"1883\" data-end=\"2042\">\n<p data-start=\"1885\" data-end=\"2042\"><strong data-start=\"1885\" data-end=\"1916\">Architetture edge-centriche<\/strong>, per l\u2019elaborazione dei dati in prossimit\u00e0 delle fonti, con riduzione della latenza e ottimizzazione delle risorse di rete.<\/p>\n<\/li>\n<li data-start=\"2043\" data-end=\"2183\">\n<p data-start=\"2045\" data-end=\"2183\"><strong data-start=\"2045\" data-end=\"2077\">Gestione end-to-end del dato<\/strong>, dall\u2019extreme-edge all\u2019edge fino al cloud, a supporto di servizi di monitoraggio continuo e affidabile.<\/p>\n<\/li>\n<li data-start=\"2184\" data-end=\"2327\">\n<p data-start=\"2186\" data-end=\"2327\"><strong data-start=\"2186\" data-end=\"2224\">Integrazione di sistemi eterogenei<\/strong>, per abilitare l\u2019interoperabilit\u00e0 tra sensori, piattaforme di elaborazione e infrastrutture di rete.<\/p>\n<\/li>\n<li data-start=\"2328\" data-end=\"2497\">\n<p data-start=\"2330\" data-end=\"2497\"><strong data-start=\"2330\" data-end=\"2376\">Strumenti applicativi e dashboard in cloud<\/strong>, progettati per rispondere alle esigenze degli stakeholder e supportare il monitoraggio remoto e i processi decisionali.<\/p>\n<\/li>\n<\/ul>\n\t\t\t<\/div>\n\t\n\t<div id=\"gap-587292974\" class=\"gap-element clearfix\" style=\"display:block; height:auto;\">\n\t\t\n<style>\n#gap-587292974 {\n  padding-top: 8rem;\n}\n<\/style>\n\t<\/div>\n\t\n\n\t<div id=\"text-89299712\" class=\"text fontsize_16 color_black\">\n\t\t\n\n<h2>VALIDAZIONE SUL CAMPO<\/h2>\n\t\t\t<\/div>\n\t\n\t<div id=\"text-3343644689\" class=\"text fontsize_54 color_black fontweight_500\">\n\t\t\n\n<h3>Un Proof of Concept in un contesto reale<\/h3>\n\t\t\t<\/div>\n\t\n\t<div id=\"text-3348521113\" class=\"text fontsize_20 color_black fontweight_300\">\n\t\t\n\n<p data-start=\"2578\" data-end=\"2966\">Un elemento centrale del progetto \u00e8 l\u2019<strong data-start=\"2616\" data-end=\"2656\">Integrated On-Field Proof of Concept<\/strong> realizzato nel Parco Naturale di San Rossore, a Pisa. La sperimentazione ha permesso di validare l\u2019approccio progettuale in un ambiente reale e ad alta complessit\u00e0 operativa, dimostrando che una piattaforma basata su AI ed edge computing pu\u00f2 essere efficacemente dispiegata e gestita anche in contesti rurali.<\/p>\n\t\t\t<\/div>\n\t\n\t<div id=\"gap-937232637\" class=\"gap-element clearfix\" style=\"display:block; height:auto;\">\n\t\t\n<style>\n#gap-937232637 {\n  padding-top: 8rem;\n}\n<\/style>\n\t<\/div>\n\t\n\n\t<div id=\"text-2137804739\" class=\"text fontsize_16 color_black\">\n\t\t\n\n<h2>RISULTATI E BENEFICI<\/h2>\n\t\t\t<\/div>\n\t\n\t<div id=\"text-3543149586\" class=\"text fontsize_54 color_black fontweight_500\">\n\t\t\n\n<h3>Affidabilit\u00e0, continuit\u00e0 e adattabilit\u00e0<\/h3>\n\t\t\t<\/div>\n\t\n\t<div id=\"text-1420133809\" class=\"text fontsize_20 color_black fontweight_300\">\n\t\t\n\n<p data-start=\"2578\" data-end=\"2966\">I risultati del progetto confermano l\u2019affidabilit\u00e0 e la continuit\u00e0 operativa della soluzione, nonch\u00e9 la sua capacit\u00e0 di adattarsi a scenari dinamici. WatchEDGE dimostra la maturit\u00e0 di un\u2019architettura modulare, interoperabile e scalabile, pronta per evolvere verso soluzioni pienamente operative e riutilizzabili.<\/p>\n\t\t\t<\/div>\n\t\n\t<div id=\"gap-1383152502\" class=\"gap-element clearfix\" style=\"display:block; height:auto;\">\n\t\t\n<style>\n#gap-1383152502 {\n  padding-top: 8rem;\n}\n<\/style>\n\t<\/div>\n\t\n\n\t<div id=\"text-1581518903\" class=\"text fontsize_16 color_black\">\n\t\t\n\n<h2>OLTRE L&#8217;AMBIENTE<\/h2>\n\t\t\t<\/div>\n\t\n\t<div id=\"text-2461683101\" class=\"text fontsize_54 color_black fontweight_500\">\n\t\t\n\n<h3>Un modello dual-use per pi\u00f9 scenari applicativi<\/h3>\n\t\t\t<\/div>\n\t\n\t<div id=\"text-3353439512\" class=\"text fontsize_20 color_black fontweight_300\">\n\t\t\n\n<p data-start=\"3445\" data-end=\"3871\">Pur validato in ambito ambientale, WatchEDGE adotta un approccio <strong data-start=\"3510\" data-end=\"3522\">dual-use<\/strong>, estendibile ad altri contesti applicativi: dal monitoraggio del territorio alla sicurezza, fino a scenari industriali e infrastrutturali. Un modello che rafforza il valore del progetto come piattaforma abilitante per un\u2019innovazione digitale sostenibile, orientata all\u2019efficienza, alla scalabilit\u00e0 e all\u2019uso responsabile delle risorse tecnologiche.<\/p>\n\t\t\t<\/div>\n\t\n\n\t\t<\/div>\n\t\t\t\t\t<\/div>\n\n\t\n\n\n<style>\n#row-1486996466 > .col > .col-inner {\n  padding: 0px 0px 2rem 0px;\n}\n<\/style>\n<\/div>\n\n\t\t<\/div>\n\n\t\t\n<style>\n#section_648145392 {\n  padding-top: 30px;\n  padding-bottom: 30px;\n}\n<\/style>\n\t<\/section>\n\t\n\t<div id=\"gap-1075344566\" class=\"gap-element clearfix\" style=\"display:block; height:auto;\">\n\t\t\n<style>\n#gap-1075344566 {\n  padding-top: 0rem;\n}\n<\/style>\n\t<\/div>\n\t\n\n\n","protected":false},"excerpt":{"rendered":"","protected":false},"author":6,"featured_media":0,"parent":0,"menu_order":0,"comment_status":"closed","ping_status":"closed","template":"page-blank.php","meta":{"footnotes":""},"class_list":["post-80250","page","type-page","status-publish","hentry"],"yoast_head":"<!-- This site is optimized with the Yoast SEO plugin v27.4 - https:\/\/yoast.com\/product\/yoast-seo-wordpress\/ -->\n<title>WatchEDGE - Italtel<\/title>\n<meta name=\"robots\" content=\"index, follow, max-snippet:-1, max-image-preview:large, max-video-preview:-1\" \/>\n<link rel=\"canonical\" href=\"https:\/\/www.italtel.com\/it\/watchedge\/\" \/>\n<meta property=\"og:locale\" content=\"it_IT\" \/>\n<meta property=\"og:type\" content=\"article\" \/>\n<meta property=\"og:title\" content=\"WatchEDGE - Italtel\" \/>\n<meta property=\"og:url\" content=\"https:\/\/www.italtel.com\/it\/watchedge\/\" \/>\n<meta property=\"og:site_name\" content=\"Italtel\" \/>\n<meta property=\"article:modified_time\" content=\"2026-01-22T10:40:25+00:00\" \/>\n<meta property=\"og:image\" content=\"https:\/\/www.italtel.com\/wp-content\/uploads\/2024\/11\/Italtel_logo.png\" \/>\n\t<meta property=\"og:image:width\" content=\"591\" \/>\n\t<meta property=\"og:image:height\" content=\"139\" \/>\n\t<meta property=\"og:image:type\" content=\"image\/png\" \/>\n<meta name=\"twitter:card\" content=\"summary_large_image\" \/>\n<meta name=\"twitter:site\" content=\"@Italtel\" \/>\n<meta name=\"twitter:label1\" content=\"Tempo di lettura stimato\" \/>\n\t<meta name=\"twitter:data1\" content=\"3 minuti\" \/>\n<script type=\"application\/ld+json\" class=\"yoast-schema-graph\">{\"@context\":\"https:\\\/\\\/schema.org\",\"@graph\":[{\"@type\":\"WebPage\",\"@id\":\"https:\\\/\\\/www.italtel.com\\\/it\\\/watchedge\\\/\",\"url\":\"https:\\\/\\\/www.italtel.com\\\/it\\\/watchedge\\\/\",\"name\":\"WatchEDGE - Italtel\",\"isPartOf\":{\"@id\":\"https:\\\/\\\/www.italtel.com\\\/de\\\/#website\"},\"datePublished\":\"2026-01-16T09:43:35+00:00\",\"dateModified\":\"2026-01-22T10:40:25+00:00\",\"breadcrumb\":{\"@id\":\"https:\\\/\\\/www.italtel.com\\\/it\\\/watchedge\\\/#breadcrumb\"},\"inLanguage\":\"it-IT\",\"potentialAction\":[{\"@type\":\"ReadAction\",\"target\":[\"https:\\\/\\\/www.italtel.com\\\/it\\\/watchedge\\\/\"]}]},{\"@type\":\"BreadcrumbList\",\"@id\":\"https:\\\/\\\/www.italtel.com\\\/it\\\/watchedge\\\/#breadcrumb\",\"itemListElement\":[{\"@type\":\"ListItem\",\"position\":1,\"name\":\"Home\",\"item\":\"https:\\\/\\\/www.italtel.com\\\/it\\\/\"},{\"@type\":\"ListItem\",\"position\":2,\"name\":\"WatchEDGE\"}]},{\"@type\":\"WebSite\",\"@id\":\"https:\\\/\\\/www.italtel.com\\\/de\\\/#website\",\"url\":\"https:\\\/\\\/www.italtel.com\\\/de\\\/\",\"name\":\"Italtel\",\"description\":\"Italtel Group&#039;s company website\",\"publisher\":{\"@id\":\"https:\\\/\\\/www.italtel.com\\\/de\\\/#organization\"},\"potentialAction\":[{\"@type\":\"SearchAction\",\"target\":{\"@type\":\"EntryPoint\",\"urlTemplate\":\"https:\\\/\\\/www.italtel.com\\\/de\\\/?s={search_term_string}\"},\"query-input\":{\"@type\":\"PropertyValueSpecification\",\"valueRequired\":true,\"valueName\":\"search_term_string\"}}],\"inLanguage\":\"it-IT\"},{\"@type\":\"Organization\",\"@id\":\"https:\\\/\\\/www.italtel.com\\\/de\\\/#organization\",\"name\":\"Italtel S.p.A.\",\"url\":\"https:\\\/\\\/www.italtel.com\\\/de\\\/\",\"logo\":{\"@type\":\"ImageObject\",\"inLanguage\":\"it-IT\",\"@id\":\"https:\\\/\\\/www.italtel.com\\\/de\\\/#\\\/schema\\\/logo\\\/image\\\/\",\"url\":\"https:\\\/\\\/www.italtel.com\\\/wp-content\\\/uploads\\\/2024\\\/11\\\/Italtel_logo.png\",\"contentUrl\":\"https:\\\/\\\/www.italtel.com\\\/wp-content\\\/uploads\\\/2024\\\/11\\\/Italtel_logo.png\",\"width\":591,\"height\":139,\"caption\":\"Italtel S.p.A.\"},\"image\":{\"@id\":\"https:\\\/\\\/www.italtel.com\\\/de\\\/#\\\/schema\\\/logo\\\/image\\\/\"},\"sameAs\":[\"https:\\\/\\\/x.com\\\/Italtel\",\"https:\\\/\\\/www.linkedin.com\\\/company\\\/italtel\\\/\",\"https:\\\/\\\/www.instagram.com\\\/italtel_hq\\\/\"]}]}<\/script>\n<!-- \/ Yoast SEO plugin. -->","yoast_head_json":{"title":"WatchEDGE - Italtel","robots":{"index":"index","follow":"follow","max-snippet":"max-snippet:-1","max-image-preview":"max-image-preview:large","max-video-preview":"max-video-preview:-1"},"canonical":"https:\/\/www.italtel.com\/it\/watchedge\/","og_locale":"it_IT","og_type":"article","og_title":"WatchEDGE - Italtel","og_url":"https:\/\/www.italtel.com\/it\/watchedge\/","og_site_name":"Italtel","article_modified_time":"2026-01-22T10:40:25+00:00","og_image":[{"width":591,"height":139,"url":"https:\/\/www.italtel.com\/wp-content\/uploads\/2024\/11\/Italtel_logo.png","type":"image\/png"}],"twitter_card":"summary_large_image","twitter_site":"@Italtel","twitter_misc":{"Tempo di lettura stimato":"3 minuti"},"schema":{"@context":"https:\/\/schema.org","@graph":[{"@type":"WebPage","@id":"https:\/\/www.italtel.com\/it\/watchedge\/","url":"https:\/\/www.italtel.com\/it\/watchedge\/","name":"WatchEDGE - Italtel","isPartOf":{"@id":"https:\/\/www.italtel.com\/de\/#website"},"datePublished":"2026-01-16T09:43:35+00:00","dateModified":"2026-01-22T10:40:25+00:00","breadcrumb":{"@id":"https:\/\/www.italtel.com\/it\/watchedge\/#breadcrumb"},"inLanguage":"it-IT","potentialAction":[{"@type":"ReadAction","target":["https:\/\/www.italtel.com\/it\/watchedge\/"]}]},{"@type":"BreadcrumbList","@id":"https:\/\/www.italtel.com\/it\/watchedge\/#breadcrumb","itemListElement":[{"@type":"ListItem","position":1,"name":"Home","item":"https:\/\/www.italtel.com\/it\/"},{"@type":"ListItem","position":2,"name":"WatchEDGE"}]},{"@type":"WebSite","@id":"https:\/\/www.italtel.com\/de\/#website","url":"https:\/\/www.italtel.com\/de\/","name":"Italtel","description":"Italtel Group&#039;s company website","publisher":{"@id":"https:\/\/www.italtel.com\/de\/#organization"},"potentialAction":[{"@type":"SearchAction","target":{"@type":"EntryPoint","urlTemplate":"https:\/\/www.italtel.com\/de\/?s={search_term_string}"},"query-input":{"@type":"PropertyValueSpecification","valueRequired":true,"valueName":"search_term_string"}}],"inLanguage":"it-IT"},{"@type":"Organization","@id":"https:\/\/www.italtel.com\/de\/#organization","name":"Italtel S.p.A.","url":"https:\/\/www.italtel.com\/de\/","logo":{"@type":"ImageObject","inLanguage":"it-IT","@id":"https:\/\/www.italtel.com\/de\/#\/schema\/logo\/image\/","url":"https:\/\/www.italtel.com\/wp-content\/uploads\/2024\/11\/Italtel_logo.png","contentUrl":"https:\/\/www.italtel.com\/wp-content\/uploads\/2024\/11\/Italtel_logo.png","width":591,"height":139,"caption":"Italtel S.p.A."},"image":{"@id":"https:\/\/www.italtel.com\/de\/#\/schema\/logo\/image\/"},"sameAs":["https:\/\/x.com\/Italtel","https:\/\/www.linkedin.com\/company\/italtel\/","https:\/\/www.instagram.com\/italtel_hq\/"]}]}},"_links":{"self":[{"href":"https:\/\/www.italtel.com\/it\/wp-json\/wp\/v2\/pages\/80250","targetHints":{"allow":["GET"]}}],"collection":[{"href":"https:\/\/www.italtel.com\/it\/wp-json\/wp\/v2\/pages"}],"about":[{"href":"https:\/\/www.italtel.com\/it\/wp-json\/wp\/v2\/types\/page"}],"author":[{"embeddable":true,"href":"https:\/\/www.italtel.com\/it\/wp-json\/wp\/v2\/users\/6"}],"replies":[{"embeddable":true,"href":"https:\/\/www.italtel.com\/it\/wp-json\/wp\/v2\/comments?post=80250"}],"version-history":[{"count":6,"href":"https:\/\/www.italtel.com\/it\/wp-json\/wp\/v2\/pages\/80250\/revisions"}],"predecessor-version":[{"id":80402,"href":"https:\/\/www.italtel.com\/it\/wp-json\/wp\/v2\/pages\/80250\/revisions\/80402"}],"wp:attachment":[{"href":"https:\/\/www.italtel.com\/it\/wp-json\/wp\/v2\/media?parent=80250"}],"curies":[{"name":"wp","href":"https:\/\/api.w.org\/{rel}","templated":true}]}}