{"id":80257,"date":"2026-01-16T12:01:12","date_gmt":"2026-01-16T10:01:12","guid":{"rendered":"https:\/\/www.italtel.com\/?page_id=80257"},"modified":"2026-01-22T12:48:21","modified_gmt":"2026-01-22T10:48:21","slug":"super","status":"publish","type":"page","link":"https:\/\/www.italtel.com\/it\/super\/","title":{"rendered":"SUPER"},"content":{"rendered":"\n\n\t<section class=\"section herosection home no_padding_section\" id=\"section_190165042\">\n\t\t<div class=\"section-bg fill\" >\n\t\t\t\t\t\t\t\t\t\n\t\t\t\n\n\t\t<\/div>\n\n\t\t\n\n\t\t<div class=\"section-content relative\">\n\t\t\t\n\n<div class=\"row row-small\"  id=\"row-630717608\">\n\n\n\t<div id=\"col-579211638\" class=\"col paddingbottom_0 small-12 large-12\"  data-animate=\"fadeInUp\">\n\t\t\t\t<div class=\"col-inner\"  >\n\t\t\t\n\t\t\t\n\n\n  <div class=\"banner has-hover borderradius_10 has-parallax\" id=\"banner-1294929281\">\n          <div class=\"banner-inner fill\">\n        <div class=\"banner-bg fill\" data-parallax=\"-3\" data-parallax-container=\".banner\" data-parallax-background>\n            <img loading=\"lazy\" decoding=\"async\" width=\"3154\" height=\"1775\" src=\"https:\/\/www.italtel.com\/wp-content\/uploads\/2025\/01\/green-abstract-background.png\" class=\"bg attachment-original size-original\" alt=\"\" \/>                                    \n                    <\/div>\n\t\t\n        <div class=\"banner-layers container\">\n            <div class=\"fill banner-link\"><\/div>            \n\n   <div id=\"text-box-253715854\" class=\"text-box banner-layer x5 md-x5 lg-x5 y50 md-y50 lg-y50 res-text\">\n                     <div data-animate=\"none\">           <div class=\"text-box-content text dark\">\n              \n              <div class=\"text-inner text-left\">\n                  \n\n<div class=\"row\"  id=\"row-303013566\">\n\n\n\t<div id=\"col-1236004564\" class=\"col marginbottom_0 paddingbottom_0 small-12 large-12\"  >\n\t\t\t\t<div class=\"col-inner\"  >\n\t\t\t\n\t\t\t\n\n\t<div id=\"text-3369087365\" class=\"text fontweight_500 fontsize_70\">\n\t\t\n\n<h3>SUPER<\/h3>\n\t\t\n<style>\n#text-3369087365 {\n  text-align: left;\n}\n<\/style>\n\t<\/div>\n\t\n\t<div id=\"text-245512129\" class=\"text fontweight_300 fontsize_30\">\n\t\t\n\n<h3>Reti programmabili che trasformano la connettivit\u00e0 in una piattaforma di servizi<\/h3>\n\t\t\n<style>\n#text-245512129 {\n  text-align: left;\n}\n<\/style>\n\t<\/div>\n\t\n\n\t\t<\/div>\n\t\t\t\t\t<\/div>\n\n\t\n\n<\/div>\n\n              <\/div>\n           <\/div>\n       <\/div>                     \n<style>\n#text-box-253715854 {\n  width: 60%;\n}\n#text-box-253715854 .text-box-content {\n  font-size: 100%;\n}\n<\/style>\n    <\/div>\n \n\n        <\/div>\n      <\/div>\n\n            \n<style>\n#banner-1294929281 {\n  padding-top: 65rem;\n}\n#banner-1294929281 .banner-bg img {\n  object-position: 69% 0%;\n}\n<\/style>\n  <\/div>\n\n\n\n\t\t<\/div>\n\t\t\t\t\t<\/div>\n\n\t\n\n<\/div>\n\n\t\t<\/div>\n\n\t\t\n<style>\n#section_190165042 {\n  padding-top: 0px;\n  padding-bottom: 0px;\n}\n<\/style>\n\t<\/section>\n\t\n\n\t<section class=\"section sustainability_section\" id=\"section_365184251\">\n\t\t<div class=\"section-bg fill\" >\n\t\t\t\t\t\t\t\t\t\n\t\t\t\n\n\t\t<\/div>\n\n\t\t\n\n\t\t<div class=\"section-content relative\">\n\t\t\t\n\n<div class=\"row row-small\"  id=\"row-326963483\">\n\n\n\t<div id=\"col-973759242\" class=\"col medium-8 small-12 large-8\"  >\n\t\t\t\t<div class=\"col-inner\"  >\n\t\t\t\n\t\t\t\n\n\t<div id=\"text-1508121107\" class=\"text fontsize_16 color_black\">\n\t\t\n\n<h2>IL PROGETTO SUPER<\/h2>\n\t\t\t<\/div>\n\t\n\t<div id=\"text-2193487815\" class=\"text fontsize_54 color_black fontweight_500\">\n\t\t\n\n<h3>Da reti a infrastrutture programmabili per l&#8217;innovazione digitale<\/h3>\n\t\t\t<\/div>\n\t\n\t<div id=\"text-2672280549\" class=\"text fontsize_20 color_black fontweight_300\">\n\t\t\n\n<p data-start=\"431\" data-end=\"820\">SUPER nasce con l\u2019obiettivo di abilitare una nuova generazione di reti programmabili, concepite come piattaforme intelligenti e adattive, in grado di rispondere in modo dinamico ai requisiti dei servizi e dei contesti applicativi pi\u00f9 evoluti. Un progetto che guarda all\u2019evoluzione della rete non solo come infrastruttura di connettivit\u00e0, ma come elemento chiave per l\u2019innovazione digitale.<\/p>\n\t\t\t<\/div>\n\t\n\t<div id=\"gap-1023800547\" class=\"gap-element clearfix\" style=\"display:block; height:auto;\">\n\t\t\n<style>\n#gap-1023800547 {\n  padding-top: 8rem;\n}\n<\/style>\n\t<\/div>\n\t\n\n\t<div id=\"text-3882840425\" class=\"text fontsize_16 color_black\">\n\t\t\n\n<h2>LO SCENARIO<\/h2>\n\t\t\t<\/div>\n\t\n\t<div id=\"text-2645157444\" class=\"text fontsize_54 color_black fontweight_500\">\n\t\t\n\n<h3>Connettivit\u00e0 evoluta e servizi distribuiti: il valore dell&#8217;infrastruttura governata dal software<\/h3>\n\t\t\t<\/div>\n\t\n\t<div id=\"text-4184854421\" class=\"text fontsize_20 color_black fontweight_300\">\n\t\t\n\n<p data-start=\"891\" data-end=\"1261\">Il progetto si inserisce in uno scenario in cui la connettivit\u00e0 e i servizi distribuiti diventano un abilitatore strategico per industria, citt\u00e0, trasporti e applicazioni digitali avanzate. In questo contesto, cresce la necessit\u00e0 di infrastrutture flessibili, affidabili e governabili tramite software, capaci di adattarsi rapidamente a requisiti in continua evoluzione.<\/p>\n\t\t\t<\/div>\n\t\n\t<div id=\"gap-919900162\" class=\"gap-element clearfix\" style=\"display:block; height:auto;\">\n\t\t\n<style>\n#gap-919900162 {\n  padding-top: 8rem;\n}\n<\/style>\n\t<\/div>\n\t\n\n\t<div id=\"text-3231332356\" class=\"text fontsize_16 color_black\">\n\t\t\n\n<h2>LA VISIONE<\/h2>\n\t\t\t<\/div>\n\t\n\t<div id=\"text-2010494144\" class=\"text fontsize_54 color_black fontweight_500\">\n\t\t\n\n<h3>Dall\u2019evoluzione di RAN e Core a nuovi modelli di servizio<\/h3>\n\t\t\t<\/div>\n\t\n\t<div id=\"text-543105339\" class=\"text fontsize_20 color_black fontweight_300\">\n\t\t\n\n<p data-start=\"1337\" data-end=\"1718\">La visione di SUPER \u00e8 quella di un\u2019infrastruttura mobile aperta e cloud-native, in cui RAN e Core evolvono verso modelli interoperabili e automatizzati. Questo approccio consente di introdurre nuovi servizi con maggiore rapidit\u00e0, ridurre la complessit\u00e0 operativa e migliorare l\u2019efficienza complessiva della rete, aprendo la strada a modelli innovativi come il <strong data-start=\"1697\" data-end=\"1717\">RAN-as-a-Service<\/strong>.<\/p>\n\t\t\t<\/div>\n\t\n\t<div id=\"gap-222441787\" class=\"gap-element clearfix\" style=\"display:block; height:auto;\">\n\t\t\n<style>\n#gap-222441787 {\n  padding-top: 8rem;\n}\n<\/style>\n\t<\/div>\n\t\n\n\t<div id=\"text-2702178680\" class=\"text fontsize_16 color_black\">\n\t\t\n\n<h2>IL CONTRIBUTO DI ITALTEL<\/h2>\n\t\t\t<\/div>\n\t\n\t<div id=\"text-3414631191\" class=\"text fontsize_54 color_black fontweight_500\">\n\t\t\n\n<h3>Controllo, orchestrazione e automazione della rete<\/h3>\n\t\t\t<\/div>\n\t\n\t<div id=\"text-206066794\" class=\"text fontsize_20 color_black fontweight_300\">\n\t\t\n\n<p data-start=\"1812\" data-end=\"2126\">All\u2019interno del progetto SUPER, Italtel contribuisce in modo significativo allo sviluppo delle capacit\u00e0 di controllo, orchestrazione e automazione della rete, valorizzando competenze consolidate e piattaforme proprietarie. L\u2019obiettivo \u00e8 rendere la rete sempre pi\u00f9 programmabile, governabile e orientata ai servizi.<\/p>\n\t\t\t<\/div>\n\t\n\t<div id=\"gap-1817507435\" class=\"gap-element clearfix\" style=\"display:block; height:auto;\">\n\t\t\n<style>\n#gap-1817507435 {\n  padding-top: 8rem;\n}\n<\/style>\n\t<\/div>\n\t\n\n\t<div id=\"text-3189440095\" class=\"text fontsize_16 color_black\">\n\t\t\n\n<h2>LE SOLUZIONI ABILITANTI<\/h2>\n\t\t\t<\/div>\n\t\n\t<div id=\"text-623293723\" class=\"text fontsize_54 color_black fontweight_500\">\n\t\t\n\n<h3>Gli elementi chiave per una rete realmente programmabile<\/h3>\n\t\t\t<\/div>\n\t\n\t<div id=\"text-1447999209\" class=\"text fontsize_20 color_black fontweight_300\">\n\t\t\n\n<p data-start=\"2221\" data-end=\"2286\">l contributo di Italtel si articola attraverso soluzioni chiave:<\/p>\n<ul data-start=\"2288\" data-end=\"3144\">\n<li data-start=\"2288\" data-end=\"2526\">\n<p data-start=\"2290\" data-end=\"2526\"><strong data-start=\"2290\" data-end=\"2299\">i-OAM<\/strong>, il Network Controller intelligente di Italtel, che abilita una gestione unificata e programmabile della rete, supportando scenari multivendor e favorendo modelli di servizio flessibili e orientati alle esigenze applicative.<\/p>\n<\/li>\n<li data-start=\"2527\" data-end=\"2719\">\n<p data-start=\"2529\" data-end=\"2719\"><strong data-start=\"2529\" data-end=\"2541\">Open-SMO<\/strong>, con un contributo all\u2019ecosistema che rafforza le capacit\u00e0 di astrazione della rete e di gestione intelligente, valorizzando automazione e meccanismi di controllo closed-loop.<\/p>\n<\/li>\n<li data-start=\"2720\" data-end=\"2908\">\n<p data-start=\"2722\" data-end=\"2908\"><strong data-start=\"2722\" data-end=\"2742\">RAN-as-a-Service<\/strong>, un modello che semplifica l\u2019erogazione e la gestione delle funzionalit\u00e0 di rete, accelerando l\u2019introduzione di nuovi servizi e riducendo la complessit\u00e0 operativa.<\/p>\n<\/li>\n<li data-start=\"2909\" data-end=\"3144\">\n<p data-start=\"2911\" data-end=\"3144\"><strong data-start=\"2911\" data-end=\"2933\">Light Orchestrator<\/strong>, piattaforma modulare e cloud-native per semplificare il ciclo di vita dei servizi nelle reti 5G, in particolare nei contesti di reti private, grazie a orchestrazione, monitoraggio avanzato e deployment rapido.<\/p>\n<\/li>\n<\/ul>\n\t\t\t<\/div>\n\t\n\t<div id=\"gap-1564219401\" class=\"gap-element clearfix\" style=\"display:block; height:auto;\">\n\t\t\n<style>\n#gap-1564219401 {\n  padding-top: 8rem;\n}\n<\/style>\n\t<\/div>\n\t\n\n\t<div id=\"text-2428935084\" class=\"text fontsize_16 color_black\">\n\t\t\n\n<h2>BENEFICI PER L&#8217;ECOSISTEMA<\/h2>\n\t\t\t<\/div>\n\t\n\t<div id=\"text-3080944833\" class=\"text fontsize_54 color_black fontweight_500\">\n\t\t\n\n<h3>Accelerare l\u2019innovazione, ridurre complessit\u00e0 e time-to-market<\/h3>\n\t\t\t<\/div>\n\t\n\t<div id=\"text-814206230\" class=\"text fontsize_20 color_black fontweight_300\">\n\t\t\n\n<p data-start=\"3239\" data-end=\"3544\">L\u2019approccio proposto da SUPER consente di migliorare l\u2019efficienza operativa delle reti, ridurre il time-to-market dei servizi e supportare un ecosistema multivendor e aperto. La rete evolve cos\u00ec da infrastruttura statica a piattaforma dinamica, capace di adattarsi alle esigenze applicative e di business.<\/p>\n\t\t\t<\/div>\n\t\n\t<div id=\"gap-156512807\" class=\"gap-element clearfix\" style=\"display:block; height:auto;\">\n\t\t\n<style>\n#gap-156512807 {\n  padding-top: 8rem;\n}\n<\/style>\n\t<\/div>\n\t\n\n\t<div id=\"text-1956072614\" class=\"text fontsize_16 color_black\">\n\t\t\n\n<h2>VERSO LE RETI DEL FUTURO<\/h2>\n\t\t\t<\/div>\n\t\n\t<div id=\"text-2806562006\" class=\"text fontsize_54 color_black fontweight_500\">\n\t\t\n\n<h3>Oltre la connettivit\u00e0: la rete come motore di innovazione<\/h3>\n\t\t\t<\/div>\n\t\n\t<div id=\"text-2004792074\" class=\"text fontsize_20 color_black fontweight_300\">\n\t\t\n\n<p data-start=\"3639\" data-end=\"3863\">Nel suo insieme, SUPER dimostra come le reti mobili possano evolvere verso modelli aperti, programmabili e orientati al servizio, rafforzando il ruolo della rete come piattaforma chiave per l\u2019innovazione digitale del futuro.<\/p>\n\t\t\t<\/div>\n\t\n\n\t\t<\/div>\n\t\t\t\t\t<\/div>\n\n\t\n\n\n<style>\n#row-326963483 > .col > .col-inner {\n  padding: 0px 0px 2rem 0px;\n}\n<\/style>\n<\/div>\n\n\t\t<\/div>\n\n\t\t\n<style>\n#section_365184251 {\n  padding-top: 30px;\n  padding-bottom: 30px;\n}\n<\/style>\n\t<\/section>\n\t\n\t<div id=\"gap-475317339\" class=\"gap-element clearfix\" style=\"display:block; height:auto;\">\n\t\t\n<style>\n#gap-475317339 {\n  padding-top: 0rem;\n}\n<\/style>\n\t<\/div>\n\t\n\n\n","protected":false},"excerpt":{"rendered":"","protected":false},"author":6,"featured_media":0,"parent":0,"menu_order":0,"comment_status":"closed","ping_status":"closed","template":"page-blank.php","meta":{"footnotes":""},"class_list":["post-80257","page","type-page","status-publish","hentry"],"yoast_head":"<!-- This site is optimized with the Yoast SEO plugin v27.4 - https:\/\/yoast.com\/product\/yoast-seo-wordpress\/ -->\n<title>SUPER - Italtel<\/title>\n<meta name=\"robots\" content=\"index, follow, max-snippet:-1, max-image-preview:large, max-video-preview:-1\" \/>\n<link rel=\"canonical\" href=\"https:\/\/www.italtel.com\/it\/super\/\" \/>\n<meta property=\"og:locale\" content=\"it_IT\" \/>\n<meta property=\"og:type\" content=\"article\" \/>\n<meta property=\"og:title\" content=\"SUPER - Italtel\" \/>\n<meta property=\"og:url\" content=\"https:\/\/www.italtel.com\/it\/super\/\" \/>\n<meta property=\"og:site_name\" content=\"Italtel\" \/>\n<meta property=\"article:modified_time\" content=\"2026-01-22T10:48:21+00:00\" \/>\n<meta property=\"og:image\" content=\"https:\/\/www.italtel.com\/wp-content\/uploads\/2024\/11\/Italtel_logo.png\" \/>\n\t<meta property=\"og:image:width\" content=\"591\" \/>\n\t<meta property=\"og:image:height\" content=\"139\" \/>\n\t<meta property=\"og:image:type\" content=\"image\/png\" \/>\n<meta name=\"twitter:card\" content=\"summary_large_image\" \/>\n<meta name=\"twitter:site\" content=\"@Italtel\" \/>\n<meta name=\"twitter:label1\" content=\"Tempo di lettura stimato\" \/>\n\t<meta name=\"twitter:data1\" content=\"3 minuti\" \/>\n<script type=\"application\/ld+json\" class=\"yoast-schema-graph\">{\"@context\":\"https:\\\/\\\/schema.org\",\"@graph\":[{\"@type\":\"WebPage\",\"@id\":\"https:\\\/\\\/www.italtel.com\\\/it\\\/super\\\/\",\"url\":\"https:\\\/\\\/www.italtel.com\\\/it\\\/super\\\/\",\"name\":\"SUPER - Italtel\",\"isPartOf\":{\"@id\":\"https:\\\/\\\/www.italtel.com\\\/de\\\/#website\"},\"datePublished\":\"2026-01-16T10:01:12+00:00\",\"dateModified\":\"2026-01-22T10:48:21+00:00\",\"breadcrumb\":{\"@id\":\"https:\\\/\\\/www.italtel.com\\\/it\\\/super\\\/#breadcrumb\"},\"inLanguage\":\"it-IT\",\"potentialAction\":[{\"@type\":\"ReadAction\",\"target\":[\"https:\\\/\\\/www.italtel.com\\\/it\\\/super\\\/\"]}]},{\"@type\":\"BreadcrumbList\",\"@id\":\"https:\\\/\\\/www.italtel.com\\\/it\\\/super\\\/#breadcrumb\",\"itemListElement\":[{\"@type\":\"ListItem\",\"position\":1,\"name\":\"Home\",\"item\":\"https:\\\/\\\/www.italtel.com\\\/it\\\/\"},{\"@type\":\"ListItem\",\"position\":2,\"name\":\"SUPER\"}]},{\"@type\":\"WebSite\",\"@id\":\"https:\\\/\\\/www.italtel.com\\\/de\\\/#website\",\"url\":\"https:\\\/\\\/www.italtel.com\\\/de\\\/\",\"name\":\"Italtel\",\"description\":\"Italtel Group&#039;s company website\",\"publisher\":{\"@id\":\"https:\\\/\\\/www.italtel.com\\\/de\\\/#organization\"},\"potentialAction\":[{\"@type\":\"SearchAction\",\"target\":{\"@type\":\"EntryPoint\",\"urlTemplate\":\"https:\\\/\\\/www.italtel.com\\\/de\\\/?s={search_term_string}\"},\"query-input\":{\"@type\":\"PropertyValueSpecification\",\"valueRequired\":true,\"valueName\":\"search_term_string\"}}],\"inLanguage\":\"it-IT\"},{\"@type\":\"Organization\",\"@id\":\"https:\\\/\\\/www.italtel.com\\\/de\\\/#organization\",\"name\":\"Italtel S.p.A.\",\"url\":\"https:\\\/\\\/www.italtel.com\\\/de\\\/\",\"logo\":{\"@type\":\"ImageObject\",\"inLanguage\":\"it-IT\",\"@id\":\"https:\\\/\\\/www.italtel.com\\\/de\\\/#\\\/schema\\\/logo\\\/image\\\/\",\"url\":\"https:\\\/\\\/www.italtel.com\\\/wp-content\\\/uploads\\\/2024\\\/11\\\/Italtel_logo.png\",\"contentUrl\":\"https:\\\/\\\/www.italtel.com\\\/wp-content\\\/uploads\\\/2024\\\/11\\\/Italtel_logo.png\",\"width\":591,\"height\":139,\"caption\":\"Italtel S.p.A.\"},\"image\":{\"@id\":\"https:\\\/\\\/www.italtel.com\\\/de\\\/#\\\/schema\\\/logo\\\/image\\\/\"},\"sameAs\":[\"https:\\\/\\\/x.com\\\/Italtel\",\"https:\\\/\\\/www.linkedin.com\\\/company\\\/italtel\\\/\",\"https:\\\/\\\/www.instagram.com\\\/italtel_hq\\\/\"]}]}<\/script>\n<!-- \/ Yoast SEO plugin. -->","yoast_head_json":{"title":"SUPER - Italtel","robots":{"index":"index","follow":"follow","max-snippet":"max-snippet:-1","max-image-preview":"max-image-preview:large","max-video-preview":"max-video-preview:-1"},"canonical":"https:\/\/www.italtel.com\/it\/super\/","og_locale":"it_IT","og_type":"article","og_title":"SUPER - Italtel","og_url":"https:\/\/www.italtel.com\/it\/super\/","og_site_name":"Italtel","article_modified_time":"2026-01-22T10:48:21+00:00","og_image":[{"width":591,"height":139,"url":"https:\/\/www.italtel.com\/wp-content\/uploads\/2024\/11\/Italtel_logo.png","type":"image\/png"}],"twitter_card":"summary_large_image","twitter_site":"@Italtel","twitter_misc":{"Tempo di lettura stimato":"3 minuti"},"schema":{"@context":"https:\/\/schema.org","@graph":[{"@type":"WebPage","@id":"https:\/\/www.italtel.com\/it\/super\/","url":"https:\/\/www.italtel.com\/it\/super\/","name":"SUPER - Italtel","isPartOf":{"@id":"https:\/\/www.italtel.com\/de\/#website"},"datePublished":"2026-01-16T10:01:12+00:00","dateModified":"2026-01-22T10:48:21+00:00","breadcrumb":{"@id":"https:\/\/www.italtel.com\/it\/super\/#breadcrumb"},"inLanguage":"it-IT","potentialAction":[{"@type":"ReadAction","target":["https:\/\/www.italtel.com\/it\/super\/"]}]},{"@type":"BreadcrumbList","@id":"https:\/\/www.italtel.com\/it\/super\/#breadcrumb","itemListElement":[{"@type":"ListItem","position":1,"name":"Home","item":"https:\/\/www.italtel.com\/it\/"},{"@type":"ListItem","position":2,"name":"SUPER"}]},{"@type":"WebSite","@id":"https:\/\/www.italtel.com\/de\/#website","url":"https:\/\/www.italtel.com\/de\/","name":"Italtel","description":"Italtel Group&#039;s company website","publisher":{"@id":"https:\/\/www.italtel.com\/de\/#organization"},"potentialAction":[{"@type":"SearchAction","target":{"@type":"EntryPoint","urlTemplate":"https:\/\/www.italtel.com\/de\/?s={search_term_string}"},"query-input":{"@type":"PropertyValueSpecification","valueRequired":true,"valueName":"search_term_string"}}],"inLanguage":"it-IT"},{"@type":"Organization","@id":"https:\/\/www.italtel.com\/de\/#organization","name":"Italtel S.p.A.","url":"https:\/\/www.italtel.com\/de\/","logo":{"@type":"ImageObject","inLanguage":"it-IT","@id":"https:\/\/www.italtel.com\/de\/#\/schema\/logo\/image\/","url":"https:\/\/www.italtel.com\/wp-content\/uploads\/2024\/11\/Italtel_logo.png","contentUrl":"https:\/\/www.italtel.com\/wp-content\/uploads\/2024\/11\/Italtel_logo.png","width":591,"height":139,"caption":"Italtel S.p.A."},"image":{"@id":"https:\/\/www.italtel.com\/de\/#\/schema\/logo\/image\/"},"sameAs":["https:\/\/x.com\/Italtel","https:\/\/www.linkedin.com\/company\/italtel\/","https:\/\/www.instagram.com\/italtel_hq\/"]}]}},"_links":{"self":[{"href":"https:\/\/www.italtel.com\/it\/wp-json\/wp\/v2\/pages\/80257","targetHints":{"allow":["GET"]}}],"collection":[{"href":"https:\/\/www.italtel.com\/it\/wp-json\/wp\/v2\/pages"}],"about":[{"href":"https:\/\/www.italtel.com\/it\/wp-json\/wp\/v2\/types\/page"}],"author":[{"embeddable":true,"href":"https:\/\/www.italtel.com\/it\/wp-json\/wp\/v2\/users\/6"}],"replies":[{"embeddable":true,"href":"https:\/\/www.italtel.com\/it\/wp-json\/wp\/v2\/comments?post=80257"}],"version-history":[{"count":6,"href":"https:\/\/www.italtel.com\/it\/wp-json\/wp\/v2\/pages\/80257\/revisions"}],"predecessor-version":[{"id":80406,"href":"https:\/\/www.italtel.com\/it\/wp-json\/wp\/v2\/pages\/80257\/revisions\/80406"}],"wp:attachment":[{"href":"https:\/\/www.italtel.com\/it\/wp-json\/wp\/v2\/media?parent=80257"}],"curies":[{"name":"wp","href":"https:\/\/api.w.org\/{rel}","templated":true}]}}