{"id":64239,"date":"2024-07-29T13:11:21","date_gmt":"2024-07-29T11:11:21","guid":{"rendered":"https:\/\/www.italtel.com\/insight\/"},"modified":"2024-11-05T18:08:13","modified_gmt":"2024-11-05T16:08:13","slug":"insight","status":"publish","type":"page","link":"https:\/\/www.italtel.com\/pt-br\/insight\/","title":{"rendered":"Insight"},"content":{"rendered":"\n\n\t<section class=\"section herosection home no_padding_section\" id=\"section_1654394604\">\n\t\t<div class=\"section-bg fill\" >\n\t\t\t\t\t\t\t\t\t\n\t\t\t\n\n\t\t<\/div>\n\n\t\t\n\n\t\t<div class=\"section-content relative\">\n\t\t\t\n\n<div class=\"row row-small\"  id=\"row-632385212\">\n\n\n\t<div id=\"col-1369937554\" class=\"col small-12 large-12\"  >\n\t\t\t\t<div class=\"col-inner\"  >\n\t\t\t\n\t\t\t\n\n\n  <div class=\"banner has-hover borderradius_10 blueblack_gradient oscillating-hue-rotate\" id=\"banner-1617536106\">\n          <div class=\"banner-inner fill\">\n        <div class=\"banner-bg fill\" >\n            <img loading=\"lazy\" decoding=\"async\" width=\"1020\" height=\"300\" src=\"https:\/\/www.italtel.com\/wp-content\/uploads\/2024\/07\/Lead_the_change-1024x301.png\" class=\"bg attachment-large size-large\" alt=\"\" \/>                        <div class=\"overlay\"><\/div>            \n                    <\/div>\n\t\t\n        <div class=\"banner-layers container\">\n            <div class=\"fill banner-link\"><\/div>            \n\n   <div id=\"text-box-320192119\" class=\"text-box banner-layer x5 md-x5 lg-x5 y50 md-y50 lg-y50 res-text\">\n                     <div data-animate=\"none\">           <div class=\"text-box-content text dark\">\n              \n              <div class=\"text-inner text-left\">\n                  \n\n<div class=\"row\"  id=\"row-88991318\">\n\n\n\t<div id=\"col-1385813888\" class=\"col marginbottom_0 paddingbottom_0 small-12 large-12\"  >\n\t\t\t\t<div class=\"col-inner\"  >\n\t\t\t\n\t\t\t\n\n\t<div id=\"text-1232956359\" class=\"text fontsize_70 fontweight_500\">\n\t\t\n\n<h1>Liderar a mudan\u00e7a<\/h1>\n\t\t\n<style>\n#text-1232956359 {\n  text-align: left;\n  color: rgb(255, 255, 255);\n}\n#text-1232956359 > * {\n  color: rgb(255, 255, 255);\n}\n<\/style>\n\t<\/div>\n\t\n\n\t\t<\/div>\n\t\t\t\t\t<\/div>\n\n\t\n\n<\/div>\n<div class=\"row\"  id=\"row-756325176\">\n\n\n\t<div id=\"col-1771487320\" class=\"col medium-9 small-12 large-9\"  >\n\t\t\t\t<div class=\"col-inner\"  >\n\t\t\t\n\t\t\t\n\n\t<div id=\"text-2109144093\" class=\"text fontsize_20 fontweight_400\">\n\t\t\n\n<p>Mergulhe em nossas pesquisas abrangentes, insights e hist\u00f3rias de sucesso de clientes reais, criados para ajud\u00e1-lo a aproveitar o poder da mudan\u00e7a e acelerar sua jornada para o valor.<\/p>\n\t\t\n<style>\n#text-2109144093 {\n  text-align: left;\n  color: rgb(255, 255, 255);\n}\n#text-2109144093 > * {\n  color: rgb(255, 255, 255);\n}\n<\/style>\n\t<\/div>\n\t\n\n\t\t<\/div>\n\t\t\t\t\t<\/div>\n\n\t\n\n<\/div>\n\n              <\/div>\n           <\/div>\n       <\/div>                     \n<style>\n#text-box-320192119 {\n  width: 90%;\n}\n#text-box-320192119 .text-box-content {\n  font-size: 100%;\n}\n@media (min-width:550px) {\n  #text-box-320192119 {\n    width: 60%;\n  }\n}\n<\/style>\n    <\/div>\n \n\n        <\/div>\n      <\/div>\n\n            \n<style>\n#banner-1617536106 {\n  padding-top: 40rem;\n}\n#banner-1617536106 .overlay {\n  background-color: rgba(0, 0, 0, 0);\n}\n<\/style>\n  <\/div>\n\n\n\n\t\t<\/div>\n\t\t\t\t\t<\/div>\n\n\t\n\n<\/div>\n\n\t\t<\/div>\n\n\t\t\n<style>\n#section_1654394604 {\n  padding-top: 0px;\n  padding-bottom: 0px;\n}\n<\/style>\n\t<\/section>\n\t\n\n\t<section class=\"section no_padding_section insights_page\" id=\"section_1164147827\">\n\t\t<div class=\"section-bg fill\" >\n\t\t\t\t\t\t\t\t\t\n\t\t\t\n\n\t\t<\/div>\n\n\t\t\n\n\t\t<div class=\"section-content relative\">\n\t\t\t\n\n<div class=\"row row-small\"  id=\"row-1044781400\">\n\n\n\t<div id=\"col-1520592064\" class=\"col small-12 large-12\"  >\n\t\t\t\t<div class=\"col-inner\"  >\n\t\t\t\n\t\t\t\n\n\n\n    <div id=\"filter-container\">\n        <div class=\"filter-group\">\n            <button class=\"filter-button\" data-filter=\"topic\">+ TOPIC<\/button>\n        <\/div>\n        <div class=\"filter-group\">\n            <button class=\"filter-button\" data-filter=\"industries\">+ INDUSTRY<\/button>\n        <\/div>\n        <div class=\"filter-group\">\n            <button class=\"filter-button\" data-filter=\"content_type\">+ CONTENT TYPE<\/button>\n        <\/div>\n        <div class=\"filter-group search_group\">\n            <button class=\"filter-button\" data-filter=\"search_text\">\n                <img class='search_button_img' src='\/wp-content\/uploads\/2024\/09\/Raggruppa-13303.svg' alt=\"Search\">\n            <\/button>\n        <\/div>\n\n        <div class=\"filter-options\" data-filter=\"topic\">\n            <div class='filter-options-container'>\n                                    <div data-value=\"AI, Analytics &amp; Automation\">AI, Analytics &amp; Automation<\/div>\n                                    <div data-value=\"Company\">Company<\/div>\n                                    <div data-value=\"Cyber &amp; OT Security\">Cyber &amp; OT Security<\/div>\n                                    <div data-value=\"DC &amp; Cloud Journey\">DC &amp; Cloud Journey<\/div>\n                                    <div data-value=\"IT Operations &amp; Managed Services\">IT Operations &amp; Managed Services<\/div>\n                                    <div data-value=\"Modern Work &amp; Digital Comms\">Modern Work &amp; Digital Comms<\/div>\n                                    <div data-value=\"Network Evolution &amp; 5G\">Network Evolution &amp; 5G<\/div>\n                                    <div data-value=\"Our People\">Our People<\/div>\n                                    <div data-value=\"Partnership\">Partnership<\/div>\n                                    <div data-value=\"Smart &amp; Vertical Solutions\">Smart &amp; Vertical Solutions<\/div>\n                                    <div data-value=\"Sustainability\">Sustainability<\/div>\n                            <\/div>\n            <div class=\"command-container\">\n                <button class=\"filter-reset-button\">CLEAR ALL<\/button>\n                <button class=\"filter-search-button\" data-filter=\"topic\">SHOW RESULTS<\/button>\n            <\/div>\n            <hr>\n        <\/div>\n\n        <div class=\"filter-options\" data-filter=\"industries\">\n            <div class='filter-options-container'>\n                                    <div data-value=\"Banking &amp; Insurance\">Banking &amp; Insurance<\/div>\n                                    <div data-value=\"Digital Health\">Digital Health<\/div>\n                                    <div data-value=\"Energy, Utilities &amp; Transportation\">Energy, Utilities &amp; Transportation<\/div>\n                                    <div data-value=\"Leading Enterprises\">Leading Enterprises<\/div>\n                                    <div data-value=\"Public Administration\">Public Administration<\/div>\n                                    <div data-value=\"Telco &amp; Media\">Telco &amp; Media<\/div>\n                            <\/div>\n            <div class=\"command-container\">\n                <button class=\"filter-reset-button\">CLEAR ALL<\/button>\n                <button class=\"filter-search-button\" data-filter=\"industries\">SHOW RESULTS<\/button>\n            <\/div>\n            <hr>\n        <\/div>\n\n        <div class=\"filter-options\" data-filter=\"content_type\">\n            <div class='filter-options-container'>\n                                    <div data-value=\"Case study\">Case study<\/div>\n                                    <div data-value=\"Case Study\">Case Study<\/div>\n                                    <div data-value=\"Events\">Events<\/div>\n                                    <div data-value=\"Focus\">Focus<\/div>\n                                    <div data-value=\"News\">News<\/div>\n                                    <div data-value=\"Press Release\">Press Release<\/div>\n                            <\/div>\n            <div class=\"command-container\">\n                <button class=\"filter-reset-button\">CLEAR ALL<\/button>\n                <button class=\"filter-search-button\" data-filter=\"content_type\">SHOW RESULTS<\/button>\n            <\/div>\n            <hr>\n        <\/div>\n\n        <div class=\"filter-options\" data-filter=\"search_text\">\n            <input type=\"text\" id=\"search-text\" placeholder=\"Search...\">\n            <div class=\"command-container\">\n                <button class=\"filter-reset-button\">CLEAR ALL<\/button>\n                <button class=\"filter-search-button\" data-filter=\"search_text\">SHOW RESULTS<\/button>\n            <\/div>\n            <hr>\n        <\/div>\n    <\/div>\n\n    <div id=\"custom-gallery-container\">\n        <div class=\"custom-gallery-item\"><a href=\"https:\/\/www.italtel.com\/pt-br\/portfolio\/como-as-tecnologias-da-italtel-e-cisco-melhoram-as-comunicacoes-portuarias-para-a-costa-crociere\/\"><div class=\"custom-gallery-image\" style=\"background-image: url(https:\/\/www.italtel.com\/wp-content\/uploads\/2025\/07\/1.-Costa-Smeralda-day-2.webp);\"><\/div><div class=\"custom-gallery-content\"><div><span class=\"custom-gallery-type\">CASE STUDY<\/span><span class=\"custom-gallery-date\">24.04.2026<\/span><\/div><h3 class=\"custom-gallery-title\">Como as tecnologias da Italtel e Cisco melhoram as comunica\u00e7\u00f5es portu\u00e1rias para a Costa Crociere<\/h3><\/div><\/a><\/div><div class=\"custom-gallery-item\"><a href=\"https:\/\/www.italtel.com\/pt-br\/portfolio\/classificacao-automatizada-de-residuos-perigosos-ia-para-conformidade-regulatoria-e-sustentabilidade\/\"><div class=\"custom-gallery-image\" style=\"background-image: url(https:\/\/www.italtel.com\/wp-content\/uploads\/2026\/04\/Raccolta-differenziata-in-un-ambiente-interno-copia.webp);\"><\/div><div class=\"custom-gallery-content\"><div><span class=\"custom-gallery-type\">CASE STUDY<\/span><span class=\"custom-gallery-date\">07.04.2026<\/span><\/div><h3 class=\"custom-gallery-title\">Classifica\u00e7\u00e3o automatizada de res\u00edduos perigosos: IA para conformidade regulat\u00f3ria e sustentabilidade<\/h3><\/div><\/a><\/div><div class=\"custom-gallery-item\"><a href=\"https:\/\/www.italtel.com\/pt-br\/italtel-na-cisco-connect-2026\/\"><div class=\"custom-gallery-image\" style=\"background-image: url(https:\/\/www.italtel.com\/wp-content\/uploads\/2026\/04\/Italtel-Brasil-Cisco-Connect-2026.webp);\"><\/div><div class=\"custom-gallery-content\"><div><span class=\"custom-gallery-type\">NEWS<\/span><span class=\"custom-gallery-date\">02.04.2026<\/span><\/div><h3 class=\"custom-gallery-title\">Italtel na Cisco Connect 2026<\/h3><\/div><\/a><\/div><div class=\"custom-gallery-item\"><a href=\"https:\/\/www.italtel.com\/pt-br\/rumo-a-redes-quantum-safe-a-nova-fronteira-da-seguranca-nas-telecomunicacoes\/\"><div class=\"custom-gallery-image\" style=\"background-image: url(https:\/\/www.italtel.com\/wp-content\/uploads\/2024\/10\/unconformstudio_an_abstract_image_blue_tones_cybersecurity_fing_238335ac-118d-489f-adc3-dbe6d01e2181-scaled.webp);\"><\/div><div class=\"custom-gallery-content\"><div><span class=\"custom-gallery-type\">NEWS<\/span><span class=\"custom-gallery-date\">02.04.2026<\/span><\/div><h3 class=\"custom-gallery-title\">Rumo a redes quantum-safe: a nova fronteira da seguran\u00e7a nas telecomunica\u00e7\u00f5es<\/h3><\/div><\/a><\/div><div class=\"custom-gallery-item\"><a href=\"https:\/\/www.italtel.com\/pt-br\/portfolio\/ciberseguranca-ot-infraestruturas-mais-seguras-para-um-lider-em-automacao-industrial\/\"><div class=\"custom-gallery-image\" style=\"background-image: url(https:\/\/www.italtel.com\/wp-content\/uploads\/2026\/03\/industry-OTSEC-scaled.webp);\"><\/div><div class=\"custom-gallery-content\"><div><span class=\"custom-gallery-type\">CASE STUDY<\/span><span class=\"custom-gallery-date\">17.03.2026<\/span><\/div><h3 class=\"custom-gallery-title\">Ciberseguran\u00e7a OT: infraestruturas mais seguras para um l\u00edder em automa\u00e7\u00e3o industrial<\/h3><\/div><\/a><\/div><div class=\"custom-gallery-item\"><a href=\"https:\/\/www.italtel.com\/pt-br\/8-de-marco-o-que-aprendemos-trabalhando-com-colegas-mulheres\/\"><div class=\"custom-gallery-image\" style=\"background-image: url(https:\/\/www.italtel.com\/wp-content\/uploads\/2026\/03\/Sequenza-01.00_00_27_17.Immagine001.webp);\"><\/div><div class=\"custom-gallery-content\"><div><span class=\"custom-gallery-type\">NEWS<\/span><span class=\"custom-gallery-date\">08.03.2026<\/span><\/div><h3 class=\"custom-gallery-title\">8 de mar\u00e7o: o que aprendemos trabalhando com colegas mulheres<\/h3><\/div><\/a><\/div><div class=\"custom-gallery-item\"><a href=\"https:\/\/www.italtel.com\/pt-br\/italtel-acelera-o-crescimento-na-america-latina-com-a-nomeacao-de-paolo-pellegrineschi\/\"><div class=\"custom-gallery-image\" style=\"background-image: url(https:\/\/www.italtel.com\/wp-content\/uploads\/2026\/02\/Paolo-Pellegrineschi_0126_sito-scaled.webp);\"><\/div><div class=\"custom-gallery-content\"><div><span class=\"custom-gallery-type\">NEWS<\/span><span class=\"custom-gallery-date\">03.02.2026<\/span><\/div><h3 class=\"custom-gallery-title\">Italtel acelera o crescimento na Am\u00e9rica Latina com a nomea\u00e7\u00e3o de Paolo Pellegrineschi<\/h3><\/div><\/a><\/div><div class=\"custom-gallery-item\"><a href=\"https:\/\/www.italtel.com\/pt-br\/cdp-rating-2025-italtel-fortalece-seu-desempenho-em-climate-change\/\"><div class=\"custom-gallery-image\" style=\"background-image: url(https:\/\/www.italtel.com\/wp-content\/uploads\/2026\/01\/Sustainability-CDP-.webp);\"><\/div><div class=\"custom-gallery-content\"><div><span class=\"custom-gallery-type\">NEWS<\/span><span class=\"custom-gallery-date\">22.01.2026<\/span><\/div><h3 class=\"custom-gallery-title\">CDP Rating 2025: Italtel fortalece seu desempenho em Climate Change<\/h3><\/div><\/a><\/div><div class=\"custom-gallery-item\"><a href=\"https:\/\/www.italtel.com\/pt-br\/portfolio\/transformacao-em-cloud-para-a-gestao-de-rede-de-uma-operadora-telco-tier-1\/\"><div class=\"custom-gallery-image\" style=\"background-image: url(https:\/\/www.italtel.com\/wp-content\/uploads\/2025\/09\/DCCLoud_3-1.webp);\"><\/div><div class=\"custom-gallery-content\"><div><span class=\"custom-gallery-type\">CASE STUDY<\/span><span class=\"custom-gallery-date\">08.01.2026<\/span><\/div><h3 class=\"custom-gallery-title\">Transforma\u00e7\u00e3o em Cloud para a gest\u00e3o de rede de uma operadora Telco Tier 1<\/h3><\/div><\/a><\/div><div class=\"custom-gallery-item\"><a href=\"https:\/\/www.italtel.com\/pt-br\/um-banco-vermelho-para-dizer-nao-a-violencia-de-genero\/\"><div class=\"custom-gallery-image\" style=\"background-image: url(https:\/\/www.italtel.com\/wp-content\/uploads\/2025\/11\/panchina_x-sito.webp);\"><\/div><div class=\"custom-gallery-content\"><div><span class=\"custom-gallery-type\">NEWS<\/span><span class=\"custom-gallery-date\">25.11.2025<\/span><\/div><h3 class=\"custom-gallery-title\">Um banco vermelho para dizer N\u00c3O \u00e0 viol\u00eancia de g\u00eanero<\/h3><\/div><\/a><\/div><div class=\"custom-gallery-item\"><a href=\"https:\/\/www.italtel.com\/pt-br\/da-curiosidade-a-conquista-a-jornada-de-raphaela-ferreira-teles-da-silva-na-italtel\/\"><div class=\"custom-gallery-image\" style=\"background-image: url(https:\/\/www.italtel.com\/wp-content\/uploads\/2025\/11\/rafaela_fabrizio-bianchi.webp);\"><\/div><div class=\"custom-gallery-content\"><div><span class=\"custom-gallery-type\">NEWS<\/span><span class=\"custom-gallery-date\">18.11.2025<\/span><\/div><h3 class=\"custom-gallery-title\">Da curiosidade \u00e0 conquista: a jornada de Raphaela Ferreira Teles da Silva na Italtel<\/h3><\/div><\/a><\/div><div class=\"custom-gallery-item\"><a href=\"https:\/\/www.italtel.com\/pt-br\/giovanni-salerno-assume-o-cargo-de-diretor-geral-italia-da-italtel\/\"><div class=\"custom-gallery-image\" style=\"background-image: url(https:\/\/www.italtel.com\/wp-content\/uploads\/2025\/11\/Giovanni-Salerno--scaled.webp);\"><\/div><div class=\"custom-gallery-content\"><div><span class=\"custom-gallery-type\">NEWS<\/span><span class=\"custom-gallery-date\">03.11.2025<\/span><\/div><h3 class=\"custom-gallery-title\">Giovanni Salerno assume o cargo de Diretor-Geral It\u00e1lia da Italtel<\/h3><\/div><\/a><\/div><div class=\"custom-gallery-item\"><a href=\"https:\/\/www.italtel.com\/pt-br\/conectividade-critica-reduzindo-custos-de-downtime-com-solucoes-wireless-confiaveis\/\"><div class=\"custom-gallery-image\" style=\"background-image: url(https:\/\/www.italtel.com\/wp-content\/uploads\/2024\/09\/ITALTEL_NETWORKS-AND-5G_SERVICE_-Managed-Desktop-Virtual-Desktop-End-Points.webp);\"><\/div><div class=\"custom-gallery-content\"><div><span class=\"custom-gallery-type\">NEWS<\/span><span class=\"custom-gallery-date\">15.10.2025<\/span><\/div><h3 class=\"custom-gallery-title\">Conectividade Cr\u00edtica: reduzindo custos de downtime com solu\u00e7\u00f5es wireless confi\u00e1veis<\/h3><\/div><\/a><\/div><div class=\"custom-gallery-item\"><a href=\"https:\/\/www.italtel.com\/pt-br\/tres-perguntas-para-mayara-victorino-lima-impulsionando-a-inovacao-por-meio-das-mulheres-na-tecnologia\/\"><div class=\"custom-gallery-image\" style=\"background-image: url(https:\/\/www.italtel.com\/wp-content\/uploads\/2025\/10\/mayara_sito__Sheyla_sito-copia.webp);\"><\/div><div class=\"custom-gallery-content\"><div><span class=\"custom-gallery-type\">NEWS<\/span><span class=\"custom-gallery-date\">08.10.2025<\/span><\/div><h3 class=\"custom-gallery-title\">Tr\u00eas perguntas para Mayara Victorino Lima: impulsionando a inova\u00e7\u00e3o por meio das mulheres na tecnologia<\/h3><\/div><\/a><\/div><div class=\"custom-gallery-item\"><a href=\"https:\/\/www.italtel.com\/pt-br\/portfolio\/gestao-agil-da-troca-de-fornecedor-tecnologico-no-core-network-de-uma-operadora-tier-1-no-reino-unido\/\"><div class=\"custom-gallery-image\" style=\"background-image: url(https:\/\/www.italtel.com\/wp-content\/uploads\/2025\/09\/uk1.webp);\"><\/div><div class=\"custom-gallery-content\"><div><span class=\"custom-gallery-type\">CASE STUDY<\/span><span class=\"custom-gallery-date\">15.09.2025<\/span><\/div><h3 class=\"custom-gallery-title\">Gest\u00e3o \u00e1gil da troca de fornecedor tecnol\u00f3gico no core network de uma operadora Tier 1 no Reino Unido<\/h3><\/div><\/a><\/div>    <\/div>\n    <div class=\"load-more-container\">\n        <button id=\"load-more\" data-offset=\"15\" class=\"load-more-button\">VIEW MORE<\/button>\n    <\/div>\n    \n\n\n\t\t<\/div>\n\t\t\t\t\t<\/div>\n\n\t\n\n<\/div>\n\n\t\t<\/div>\n\n\t\t\n<style>\n#section_1164147827 {\n  padding-top: 30px;\n  padding-bottom: 30px;\n}\n<\/style>\n\t<\/section>\n\t\n\n","protected":false},"excerpt":{"rendered":"","protected":false},"author":1,"featured_media":0,"parent":0,"menu_order":0,"comment_status":"closed","ping_status":"closed","template":"page-blank.php","meta":{"footnotes":""},"class_list":["post-64239","page","type-page","status-publish","hentry"],"yoast_head":"<!-- This site is optimized with the Yoast SEO plugin v27.3 - https:\/\/yoast.com\/product\/yoast-seo-wordpress\/ -->\n<title>Insight - Italtel<\/title>\n<meta name=\"robots\" content=\"index, follow, max-snippet:-1, max-image-preview:large, max-video-preview:-1\" \/>\n<link rel=\"canonical\" href=\"https:\/\/www.italtel.com\/pt-br\/insight\/\" \/>\n<meta property=\"og:locale\" content=\"pt_BR\" \/>\n<meta property=\"og:type\" content=\"article\" \/>\n<meta property=\"og:title\" content=\"Insight - Italtel\" \/>\n<meta property=\"og:url\" content=\"https:\/\/www.italtel.com\/pt-br\/insight\/\" \/>\n<meta property=\"og:site_name\" content=\"Italtel\" \/>\n<meta property=\"article:modified_time\" content=\"2024-11-05T16:08:13+00:00\" \/>\n<meta property=\"og:image\" content=\"https:\/\/www.italtel.com\/wp-content\/uploads\/2024\/11\/Italtel_logo.png\" \/>\n\t<meta property=\"og:image:width\" content=\"591\" \/>\n\t<meta property=\"og:image:height\" content=\"139\" \/>\n\t<meta property=\"og:image:type\" content=\"image\/png\" \/>\n<meta name=\"twitter:card\" content=\"summary_large_image\" \/>\n<meta name=\"twitter:site\" content=\"@Italtel\" \/>\n<meta name=\"twitter:label1\" content=\"Est. tempo de leitura\" \/>\n\t<meta name=\"twitter:data1\" content=\"1 minuto\" \/>\n<script type=\"application\/ld+json\" class=\"yoast-schema-graph\">{\"@context\":\"https:\\\/\\\/schema.org\",\"@graph\":[{\"@type\":\"WebPage\",\"@id\":\"https:\\\/\\\/www.italtel.com\\\/pt-br\\\/insight\\\/\",\"url\":\"https:\\\/\\\/www.italtel.com\\\/pt-br\\\/insight\\\/\",\"name\":\"Insight - Italtel\",\"isPartOf\":{\"@id\":\"https:\\\/\\\/www.italtel.com\\\/de\\\/#website\"},\"datePublished\":\"2024-07-29T11:11:21+00:00\",\"dateModified\":\"2024-11-05T16:08:13+00:00\",\"breadcrumb\":{\"@id\":\"https:\\\/\\\/www.italtel.com\\\/pt-br\\\/insight\\\/#breadcrumb\"},\"inLanguage\":\"pt-BR\",\"potentialAction\":[{\"@type\":\"ReadAction\",\"target\":[\"https:\\\/\\\/www.italtel.com\\\/pt-br\\\/insight\\\/\"]}]},{\"@type\":\"BreadcrumbList\",\"@id\":\"https:\\\/\\\/www.italtel.com\\\/pt-br\\\/insight\\\/#breadcrumb\",\"itemListElement\":[{\"@type\":\"ListItem\",\"position\":1,\"name\":\"Home\",\"item\":\"https:\\\/\\\/www.italtel.com\\\/pt-br\\\/\"},{\"@type\":\"ListItem\",\"position\":2,\"name\":\"Insight\"}]},{\"@type\":\"WebSite\",\"@id\":\"https:\\\/\\\/www.italtel.com\\\/de\\\/#website\",\"url\":\"https:\\\/\\\/www.italtel.com\\\/de\\\/\",\"name\":\"Italtel\",\"description\":\"Italtel Group&#039;s company website\",\"publisher\":{\"@id\":\"https:\\\/\\\/www.italtel.com\\\/de\\\/#organization\"},\"potentialAction\":[{\"@type\":\"SearchAction\",\"target\":{\"@type\":\"EntryPoint\",\"urlTemplate\":\"https:\\\/\\\/www.italtel.com\\\/de\\\/?s={search_term_string}\"},\"query-input\":{\"@type\":\"PropertyValueSpecification\",\"valueRequired\":true,\"valueName\":\"search_term_string\"}}],\"inLanguage\":\"pt-BR\"},{\"@type\":\"Organization\",\"@id\":\"https:\\\/\\\/www.italtel.com\\\/de\\\/#organization\",\"name\":\"Italtel S.p.A.\",\"url\":\"https:\\\/\\\/www.italtel.com\\\/de\\\/\",\"logo\":{\"@type\":\"ImageObject\",\"inLanguage\":\"pt-BR\",\"@id\":\"https:\\\/\\\/www.italtel.com\\\/de\\\/#\\\/schema\\\/logo\\\/image\\\/\",\"url\":\"https:\\\/\\\/www.italtel.com\\\/wp-content\\\/uploads\\\/2024\\\/11\\\/Italtel_logo.png\",\"contentUrl\":\"https:\\\/\\\/www.italtel.com\\\/wp-content\\\/uploads\\\/2024\\\/11\\\/Italtel_logo.png\",\"width\":591,\"height\":139,\"caption\":\"Italtel S.p.A.\"},\"image\":{\"@id\":\"https:\\\/\\\/www.italtel.com\\\/de\\\/#\\\/schema\\\/logo\\\/image\\\/\"},\"sameAs\":[\"https:\\\/\\\/x.com\\\/Italtel\",\"https:\\\/\\\/www.linkedin.com\\\/company\\\/italtel\\\/\",\"https:\\\/\\\/www.instagram.com\\\/italtel_hq\\\/\"]}]}<\/script>\n<!-- \/ Yoast SEO plugin. -->","yoast_head_json":{"title":"Insight - Italtel","robots":{"index":"index","follow":"follow","max-snippet":"max-snippet:-1","max-image-preview":"max-image-preview:large","max-video-preview":"max-video-preview:-1"},"canonical":"https:\/\/www.italtel.com\/pt-br\/insight\/","og_locale":"pt_BR","og_type":"article","og_title":"Insight - Italtel","og_url":"https:\/\/www.italtel.com\/pt-br\/insight\/","og_site_name":"Italtel","article_modified_time":"2024-11-05T16:08:13+00:00","og_image":[{"width":591,"height":139,"url":"https:\/\/www.italtel.com\/wp-content\/uploads\/2024\/11\/Italtel_logo.png","type":"image\/png"}],"twitter_card":"summary_large_image","twitter_site":"@Italtel","twitter_misc":{"Est. tempo de leitura":"1 minuto"},"schema":{"@context":"https:\/\/schema.org","@graph":[{"@type":"WebPage","@id":"https:\/\/www.italtel.com\/pt-br\/insight\/","url":"https:\/\/www.italtel.com\/pt-br\/insight\/","name":"Insight - Italtel","isPartOf":{"@id":"https:\/\/www.italtel.com\/de\/#website"},"datePublished":"2024-07-29T11:11:21+00:00","dateModified":"2024-11-05T16:08:13+00:00","breadcrumb":{"@id":"https:\/\/www.italtel.com\/pt-br\/insight\/#breadcrumb"},"inLanguage":"pt-BR","potentialAction":[{"@type":"ReadAction","target":["https:\/\/www.italtel.com\/pt-br\/insight\/"]}]},{"@type":"BreadcrumbList","@id":"https:\/\/www.italtel.com\/pt-br\/insight\/#breadcrumb","itemListElement":[{"@type":"ListItem","position":1,"name":"Home","item":"https:\/\/www.italtel.com\/pt-br\/"},{"@type":"ListItem","position":2,"name":"Insight"}]},{"@type":"WebSite","@id":"https:\/\/www.italtel.com\/de\/#website","url":"https:\/\/www.italtel.com\/de\/","name":"Italtel","description":"Italtel Group&#039;s company website","publisher":{"@id":"https:\/\/www.italtel.com\/de\/#organization"},"potentialAction":[{"@type":"SearchAction","target":{"@type":"EntryPoint","urlTemplate":"https:\/\/www.italtel.com\/de\/?s={search_term_string}"},"query-input":{"@type":"PropertyValueSpecification","valueRequired":true,"valueName":"search_term_string"}}],"inLanguage":"pt-BR"},{"@type":"Organization","@id":"https:\/\/www.italtel.com\/de\/#organization","name":"Italtel S.p.A.","url":"https:\/\/www.italtel.com\/de\/","logo":{"@type":"ImageObject","inLanguage":"pt-BR","@id":"https:\/\/www.italtel.com\/de\/#\/schema\/logo\/image\/","url":"https:\/\/www.italtel.com\/wp-content\/uploads\/2024\/11\/Italtel_logo.png","contentUrl":"https:\/\/www.italtel.com\/wp-content\/uploads\/2024\/11\/Italtel_logo.png","width":591,"height":139,"caption":"Italtel S.p.A."},"image":{"@id":"https:\/\/www.italtel.com\/de\/#\/schema\/logo\/image\/"},"sameAs":["https:\/\/x.com\/Italtel","https:\/\/www.linkedin.com\/company\/italtel\/","https:\/\/www.instagram.com\/italtel_hq\/"]}]}},"_links":{"self":[{"href":"https:\/\/www.italtel.com\/pt-br\/wp-json\/wp\/v2\/pages\/64239","targetHints":{"allow":["GET"]}}],"collection":[{"href":"https:\/\/www.italtel.com\/pt-br\/wp-json\/wp\/v2\/pages"}],"about":[{"href":"https:\/\/www.italtel.com\/pt-br\/wp-json\/wp\/v2\/types\/page"}],"author":[{"embeddable":true,"href":"https:\/\/www.italtel.com\/pt-br\/wp-json\/wp\/v2\/users\/1"}],"replies":[{"embeddable":true,"href":"https:\/\/www.italtel.com\/pt-br\/wp-json\/wp\/v2\/comments?post=64239"}],"version-history":[{"count":1,"href":"https:\/\/www.italtel.com\/pt-br\/wp-json\/wp\/v2\/pages\/64239\/revisions"}],"predecessor-version":[{"id":64710,"href":"https:\/\/www.italtel.com\/pt-br\/wp-json\/wp\/v2\/pages\/64239\/revisions\/64710"}],"wp:attachment":[{"href":"https:\/\/www.italtel.com\/pt-br\/wp-json\/wp\/v2\/media?parent=64239"}],"curies":[{"name":"wp","href":"https:\/\/api.w.org\/{rel}","templated":true}]}}